{"id":110,"date":"2025-06-02T12:21:54","date_gmt":"2025-06-02T12:21:54","guid":{"rendered":"https:\/\/admin-wp-hm.elsevier.com\/es\/?page_id=110"},"modified":"2025-07-31T18:56:41","modified_gmt":"2025-07-31T18:56:41","slug":"anatomy-basics-page","status":"publish","type":"page","link":"https:\/\/studenthub.elsevier.com\/de\/anatomy-basics-page\/","title":{"rendered":"Antomy basics"},"content":{"rendered":"\n<div class=\"wp-block-columns is-layout-flex wp-container-core-columns-is-layout-28f84493 wp-block-columns-is-layout-flex\">\n<div class=\"wp-block-column is-layout-flow wp-block-column-is-layout-flow\"><\/div>\n<\/div>\n\n\n\n<div class=\"wp-block-group alignfull has-base-2-background-color has-background has-global-padding is-layout-constrained wp-container-core-group-is-layout-cb151cc7 wp-block-group-is-layout-constrained\" style=\"margin-top:0;margin-bottom:0;padding-top:0;padding-right:var(--wp--preset--spacing--50);padding-bottom:0;padding-left:var(--wp--preset--spacing--50)\">\n<div class=\"wp-block-columns alignwide is-layout-flex wp-container-core-columns-is-layout-4935966c wp-block-columns-is-layout-flex\" style=\"padding-right:0;padding-left:0\">\n<div class=\"wp-block-column is-layout-flow wp-block-column-is-layout-flow\">\n<div style=\"height:25px\" aria-hidden=\"true\" class=\"wp-block-spacer\"><\/div>\n\n\n\n<h1 class=\"wp-block-heading\">Grundlagen der Anatomie<\/h1>\n\n\n\n<div style=\"height:75px\" aria-hidden=\"true\" class=\"wp-block-spacer\"><\/div>\n<\/div>\n<\/div>\n<\/div>\n\n\n\n<div class=\"wp-block-group alignfull has-base-2-background-color has-background has-global-padding is-layout-constrained wp-container-core-group-is-layout-cb151cc7 wp-block-group-is-layout-constrained\" style=\"margin-top:0;margin-bottom:0;padding-top:0;padding-right:var(--wp--preset--spacing--50);padding-bottom:0;padding-left:var(--wp--preset--spacing--50)\">\n<div class=\"wp-block-columns alignwide is-layout-flex wp-container-core-columns-is-layout-4935966c wp-block-columns-is-layout-flex\" style=\"padding-right:0;padding-left:0\">\n<div class=\"wp-block-column is-layout-flow wp-block-column-is-layout-flow\">\n<div class=\"wp-block-query is-layout-flow wp-block-query-is-layout-flow\"><ul style=\"padding-right:0;padding-left:0;margin-right:0;margin-left:0;\" class=\"columns-3 wp-block-post-template is-layout-grid wp-container-core-post-template-is-layout-aab869af wp-block-post-template-is-layout-grid\"><li class=\"wp-block-post post-1195 post type-post status-publish format-standard has-post-thumbnail hentry category-anatomy-basics\">\n\n<div class=\"wp-block-group is-layout-flow wp-block-group-is-layout-flow\" style=\"padding-top:30px;padding-right:0px;padding-bottom:30px;padding-left:0px\"><figure class=\"wp-block-post-featured-image\"><img loading=\"lazy\" decoding=\"async\" width=\"1024\" height=\"576\" src=\"https:\/\/studenthub.elsevier.com\/de\/wp-content\/uploads\/sites\/14\/2025\/07\/Cover_AnatomyBasics_Nerven.jpg?w=1024\" class=\"attachment-post-thumbnail size-post-thumbnail wp-post-image\" alt=\"\" style=\"border-radius:0px;object-fit:cover;\" srcset=\"https:\/\/studenthub.elsevier.com\/de\/wp-content\/uploads\/sites\/14\/2025\/07\/Cover_AnatomyBasics_Nerven.jpg 1280w, https:\/\/studenthub.elsevier.com\/de\/wp-content\/uploads\/sites\/14\/2025\/07\/Cover_AnatomyBasics_Nerven.jpg?resize=300,169 300w, https:\/\/studenthub.elsevier.com\/de\/wp-content\/uploads\/sites\/14\/2025\/07\/Cover_AnatomyBasics_Nerven.jpg?resize=768,432 768w, https:\/\/studenthub.elsevier.com\/de\/wp-content\/uploads\/sites\/14\/2025\/07\/Cover_AnatomyBasics_Nerven.jpg?resize=1024,576 1024w\" sizes=\"auto, (max-width: 1024px) 100vw, 1024px\" \/><\/figure>\n\n<h6 class=\"wp-block-post-title has-medium-font-size\"><a href=\"https:\/\/studenthub.elsevier.com\/de\/anatomy-basics\/gliederung-des-nervensystems\/\" target=\"_self\" >Gliederung des Nervensystems<\/a><\/h6><\/div>\n\n<\/li><li class=\"wp-block-post post-1192 post type-post status-publish format-standard has-post-thumbnail hentry category-anatomy-basics\">\n\n<div class=\"wp-block-group is-layout-flow wp-block-group-is-layout-flow\" style=\"padding-top:30px;padding-right:0px;padding-bottom:30px;padding-left:0px\"><figure class=\"wp-block-post-featured-image\"><img loading=\"lazy\" decoding=\"async\" width=\"1024\" height=\"576\" src=\"https:\/\/studenthub.elsevier.com\/de\/wp-content\/uploads\/sites\/14\/2025\/07\/Folie12.jpg?w=1024\" class=\"attachment-post-thumbnail size-post-thumbnail wp-post-image\" alt=\"\" style=\"border-radius:0px;object-fit:cover;\" srcset=\"https:\/\/studenthub.elsevier.com\/de\/wp-content\/uploads\/sites\/14\/2025\/07\/Folie12.jpg 1280w, https:\/\/studenthub.elsevier.com\/de\/wp-content\/uploads\/sites\/14\/2025\/07\/Folie12.jpg?resize=300,169 300w, https:\/\/studenthub.elsevier.com\/de\/wp-content\/uploads\/sites\/14\/2025\/07\/Folie12.jpg?resize=768,432 768w, https:\/\/studenthub.elsevier.com\/de\/wp-content\/uploads\/sites\/14\/2025\/07\/Folie12.jpg?resize=1024,576 1024w\" sizes=\"auto, (max-width: 1024px) 100vw, 1024px\" \/><\/figure>\n\n<h6 class=\"wp-block-post-title has-medium-font-size\"><a href=\"https:\/\/studenthub.elsevier.com\/de\/anatomy-basics\/halte-und-bewegungsmuskulatur\/\" target=\"_self\" >Halte- und Bewegungsmuskulatur<\/a><\/h6><\/div>\n\n<\/li><li class=\"wp-block-post post-1143 post type-post status-publish format-standard has-post-thumbnail hentry category-anatomy-basics\">\n\n<div class=\"wp-block-group is-layout-flow wp-block-group-is-layout-flow\" style=\"padding-top:30px;padding-right:0px;padding-bottom:30px;padding-left:0px\"><figure class=\"wp-block-post-featured-image\"><img loading=\"lazy\" decoding=\"async\" width=\"1024\" height=\"576\" src=\"https:\/\/studenthub.elsevier.com\/de\/wp-content\/uploads\/sites\/14\/2025\/07\/Cover_AnatomyBasics_Skelett.jpg?w=1024\" class=\"attachment-post-thumbnail size-post-thumbnail wp-post-image\" alt=\"\" style=\"border-radius:0px;object-fit:cover;\" srcset=\"https:\/\/studenthub.elsevier.com\/de\/wp-content\/uploads\/sites\/14\/2025\/07\/Cover_AnatomyBasics_Skelett.jpg 1280w, https:\/\/studenthub.elsevier.com\/de\/wp-content\/uploads\/sites\/14\/2025\/07\/Cover_AnatomyBasics_Skelett.jpg?resize=300,169 300w, https:\/\/studenthub.elsevier.com\/de\/wp-content\/uploads\/sites\/14\/2025\/07\/Cover_AnatomyBasics_Skelett.jpg?resize=768,432 768w, https:\/\/studenthub.elsevier.com\/de\/wp-content\/uploads\/sites\/14\/2025\/07\/Cover_AnatomyBasics_Skelett.jpg?resize=1024,576 1024w\" sizes=\"auto, (max-width: 1024px) 100vw, 1024px\" \/><\/figure>\n\n<h6 class=\"wp-block-post-title has-medium-font-size\"><a href=\"https:\/\/studenthub.elsevier.com\/de\/anatomy-basics\/skelett-systema-sceletale-ventral\/\" target=\"_self\" >Skelett, Systema sceletale, ventral<\/a><\/h6><\/div>\n\n<\/li><li class=\"wp-block-post post-1176 post type-post status-publish format-standard has-post-thumbnail hentry category-anatomy-basics\">\n\n<div class=\"wp-block-group is-layout-flow wp-block-group-is-layout-flow\" style=\"padding-top:30px;padding-right:0px;padding-bottom:30px;padding-left:0px\"><figure class=\"wp-block-post-featured-image\"><img loading=\"lazy\" decoding=\"async\" width=\"1024\" height=\"576\" src=\"https:\/\/studenthub.elsevier.com\/de\/wp-content\/uploads\/sites\/14\/2025\/07\/Folie7.jpg?w=1024\" class=\"attachment-post-thumbnail size-post-thumbnail wp-post-image\" alt=\"\" style=\"border-radius:0px;object-fit:cover;\" srcset=\"https:\/\/studenthub.elsevier.com\/de\/wp-content\/uploads\/sites\/14\/2025\/07\/Folie7.jpg 1280w, https:\/\/studenthub.elsevier.com\/de\/wp-content\/uploads\/sites\/14\/2025\/07\/Folie7.jpg?resize=300,169 300w, https:\/\/studenthub.elsevier.com\/de\/wp-content\/uploads\/sites\/14\/2025\/07\/Folie7.jpg?resize=768,432 768w, https:\/\/studenthub.elsevier.com\/de\/wp-content\/uploads\/sites\/14\/2025\/07\/Folie7.jpg?resize=1024,576 1024w\" sizes=\"auto, (max-width: 1024px) 100vw, 1024px\" \/><\/figure>\n\n<h6 class=\"wp-block-post-title has-medium-font-size\"><a href=\"https:\/\/studenthub.elsevier.com\/de\/anatomy-basics\/ubersicht-lymphgefassystem\/\" target=\"_self\" >\u00dcbersicht Lymphgef\u00e4\u00dfsystem<\/a><\/h6><\/div>\n\n<\/li><li class=\"wp-block-post post-1164 post type-post status-publish format-standard has-post-thumbnail hentry category-anatomy-basics\">\n\n<div class=\"wp-block-group is-layout-flow wp-block-group-is-layout-flow\" style=\"padding-top:30px;padding-right:0px;padding-bottom:30px;padding-left:0px\"><figure class=\"wp-block-post-featured-image\"><img loading=\"lazy\" decoding=\"async\" width=\"1024\" height=\"576\" src=\"https:\/\/studenthub.elsevier.com\/de\/wp-content\/uploads\/sites\/14\/2025\/07\/Cover_AnatomyBasics_Venen.jpg?w=1024\" class=\"attachment-post-thumbnail size-post-thumbnail wp-post-image\" alt=\"\" style=\"border-radius:0px;object-fit:cover;\" srcset=\"https:\/\/studenthub.elsevier.com\/de\/wp-content\/uploads\/sites\/14\/2025\/07\/Cover_AnatomyBasics_Venen.jpg 1280w, https:\/\/studenthub.elsevier.com\/de\/wp-content\/uploads\/sites\/14\/2025\/07\/Cover_AnatomyBasics_Venen.jpg?resize=300,169 300w, https:\/\/studenthub.elsevier.com\/de\/wp-content\/uploads\/sites\/14\/2025\/07\/Cover_AnatomyBasics_Venen.jpg?resize=768,432 768w, https:\/\/studenthub.elsevier.com\/de\/wp-content\/uploads\/sites\/14\/2025\/07\/Cover_AnatomyBasics_Venen.jpg?resize=1024,576 1024w\" sizes=\"auto, (max-width: 1024px) 100vw, 1024px\" \/><\/figure>\n\n<h6 class=\"wp-block-post-title has-medium-font-size\"><a href=\"https:\/\/studenthub.elsevier.com\/de\/anatomy-basics\/herz-kreislauf-system-venen\/\" target=\"_self\" >Herz-Kreislauf-System Venen<\/a><\/h6><\/div>\n\n<\/li><li class=\"wp-block-post post-1158 post type-post status-publish format-standard has-post-thumbnail hentry category-anatomy-basics\">\n\n<div class=\"wp-block-group is-layout-flow wp-block-group-is-layout-flow\" style=\"padding-top:30px;padding-right:0px;padding-bottom:30px;padding-left:0px\"><figure class=\"wp-block-post-featured-image\"><img loading=\"lazy\" decoding=\"async\" width=\"1024\" height=\"576\" src=\"https:\/\/studenthub.elsevier.com\/de\/wp-content\/uploads\/sites\/14\/2025\/07\/Cover_AnatomyBasics_Arterien.jpg?w=1024\" class=\"attachment-post-thumbnail size-post-thumbnail wp-post-image\" alt=\"\" style=\"border-radius:0px;object-fit:cover;\" srcset=\"https:\/\/studenthub.elsevier.com\/de\/wp-content\/uploads\/sites\/14\/2025\/07\/Cover_AnatomyBasics_Arterien.jpg 1280w, https:\/\/studenthub.elsevier.com\/de\/wp-content\/uploads\/sites\/14\/2025\/07\/Cover_AnatomyBasics_Arterien.jpg?resize=300,169 300w, https:\/\/studenthub.elsevier.com\/de\/wp-content\/uploads\/sites\/14\/2025\/07\/Cover_AnatomyBasics_Arterien.jpg?resize=768,432 768w, https:\/\/studenthub.elsevier.com\/de\/wp-content\/uploads\/sites\/14\/2025\/07\/Cover_AnatomyBasics_Arterien.jpg?resize=1024,576 1024w\" sizes=\"auto, (max-width: 1024px) 100vw, 1024px\" \/><\/figure>\n\n<h6 class=\"wp-block-post-title has-medium-font-size\"><a href=\"https:\/\/studenthub.elsevier.com\/de\/anatomy-basics\/herz-kreislauf-system-arterien\/\" target=\"_self\" >Herz-Kreislauf-System-Arterien<\/a><\/h6><\/div>\n\n<\/li><li class=\"wp-block-post post-937 post type-post status-publish format-standard has-post-thumbnail hentry category-anatomy-basics\">\n\n<div class=\"wp-block-group is-layout-flow wp-block-group-is-layout-flow\" style=\"padding-top:30px;padding-right:0px;padding-bottom:30px;padding-left:0px\"><figure class=\"wp-block-post-featured-image\"><img loading=\"lazy\" decoding=\"async\" width=\"1024\" height=\"576\" src=\"https:\/\/studenthub.elsevier.com\/de\/wp-content\/uploads\/sites\/14\/2025\/07\/Cover_anatomybasics_bewegungsbezeichnungen.jpg?w=1024\" class=\"attachment-post-thumbnail size-post-thumbnail wp-post-image\" alt=\"\" style=\"border-radius:0px;object-fit:cover;\" srcset=\"https:\/\/studenthub.elsevier.com\/de\/wp-content\/uploads\/sites\/14\/2025\/07\/Cover_anatomybasics_bewegungsbezeichnungen.jpg 1280w, https:\/\/studenthub.elsevier.com\/de\/wp-content\/uploads\/sites\/14\/2025\/07\/Cover_anatomybasics_bewegungsbezeichnungen.jpg?resize=300,169 300w, https:\/\/studenthub.elsevier.com\/de\/wp-content\/uploads\/sites\/14\/2025\/07\/Cover_anatomybasics_bewegungsbezeichnungen.jpg?resize=768,432 768w, https:\/\/studenthub.elsevier.com\/de\/wp-content\/uploads\/sites\/14\/2025\/07\/Cover_anatomybasics_bewegungsbezeichnungen.jpg?resize=1024,576 1024w\" sizes=\"auto, (max-width: 1024px) 100vw, 1024px\" \/><\/figure>\n\n<h6 class=\"wp-block-post-title has-medium-font-size\"><a href=\"https:\/\/studenthub.elsevier.com\/de\/anatomy-basics\/bewegungsbezeichnungen-anatomie\/\" target=\"_self\" >Bewegungsbezeichnungen<\/a><\/h6><\/div>\n\n<\/li><li class=\"wp-block-post post-929 post type-post status-publish format-standard has-post-thumbnail hentry category-anatomy-basics\">\n\n<div class=\"wp-block-group is-layout-flow wp-block-group-is-layout-flow\" style=\"padding-top:30px;padding-right:0px;padding-bottom:30px;padding-left:0px\"><figure class=\"wp-block-post-featured-image\"><img loading=\"lazy\" decoding=\"async\" width=\"1024\" height=\"576\" src=\"https:\/\/studenthub.elsevier.com\/de\/wp-content\/uploads\/sites\/14\/2025\/07\/AnatomyBasics_Orientierungslinien.jpg?w=1024\" class=\"attachment-post-thumbnail size-post-thumbnail wp-post-image\" alt=\"\" style=\"border-radius:0px;object-fit:cover;\" srcset=\"https:\/\/studenthub.elsevier.com\/de\/wp-content\/uploads\/sites\/14\/2025\/07\/AnatomyBasics_Orientierungslinien.jpg 1280w, https:\/\/studenthub.elsevier.com\/de\/wp-content\/uploads\/sites\/14\/2025\/07\/AnatomyBasics_Orientierungslinien.jpg?resize=300,169 300w, https:\/\/studenthub.elsevier.com\/de\/wp-content\/uploads\/sites\/14\/2025\/07\/AnatomyBasics_Orientierungslinien.jpg?resize=768,432 768w, https:\/\/studenthub.elsevier.com\/de\/wp-content\/uploads\/sites\/14\/2025\/07\/AnatomyBasics_Orientierungslinien.jpg?resize=1024,576 1024w\" sizes=\"auto, (max-width: 1024px) 100vw, 1024px\" \/><\/figure>\n\n<h6 class=\"wp-block-post-title has-medium-font-size\"><a href=\"https:\/\/studenthub.elsevier.com\/de\/anatomy-basics\/orientierungslinien-richtungs-lagebezeichnungen\/\" target=\"_self\" >Orientierungslinien, Richtungs-\/Lagebezeichnungen<\/a><\/h6><\/div>\n\n<\/li><li class=\"wp-block-post post-919 post type-post status-publish format-standard has-post-thumbnail hentry category-anatomy-basics\">\n\n<div class=\"wp-block-group is-layout-flow wp-block-group-is-layout-flow\" style=\"padding-top:30px;padding-right:0px;padding-bottom:30px;padding-left:0px\"><figure class=\"wp-block-post-featured-image\"><img loading=\"lazy\" decoding=\"async\" width=\"1024\" height=\"576\" src=\"https:\/\/studenthub.elsevier.com\/de\/wp-content\/uploads\/sites\/14\/2025\/07\/Cover_AnatomyBasics_Korperachsen.jpg?w=1024\" class=\"attachment-post-thumbnail size-post-thumbnail wp-post-image\" alt=\"\" style=\"border-radius:0px;object-fit:cover;\" srcset=\"https:\/\/studenthub.elsevier.com\/de\/wp-content\/uploads\/sites\/14\/2025\/07\/Cover_AnatomyBasics_Korperachsen.jpg 1280w, https:\/\/studenthub.elsevier.com\/de\/wp-content\/uploads\/sites\/14\/2025\/07\/Cover_AnatomyBasics_Korperachsen.jpg?resize=300,169 300w, https:\/\/studenthub.elsevier.com\/de\/wp-content\/uploads\/sites\/14\/2025\/07\/Cover_AnatomyBasics_Korperachsen.jpg?resize=768,432 768w, https:\/\/studenthub.elsevier.com\/de\/wp-content\/uploads\/sites\/14\/2025\/07\/Cover_AnatomyBasics_Korperachsen.jpg?resize=1024,576 1024w\" sizes=\"auto, (max-width: 1024px) 100vw, 1024px\" \/><\/figure>\n\n<h6 class=\"wp-block-post-title has-medium-font-size\"><a href=\"https:\/\/studenthub.elsevier.com\/de\/anatomy-basics\/koerperachsen-ebnenen\/\" target=\"_self\" >K\u00f6rperachsen und -ebenen<\/a><\/h6><\/div>\n\n<\/li><\/ul><\/div>\n<\/div>\n<\/div>\n\n\n\n<div style=\"height:25px\" aria-hidden=\"true\" class=\"wp-block-spacer\"><\/div>\n<\/div>\n\n\n\n<p><\/p>\n","protected":false},"excerpt":{"rendered":"<p>Grundlagen der Anatomie<\/p>\n","protected":false},"author":4,"featured_media":0,"parent":0,"menu_order":0,"comment_status":"closed","ping_status":"closed","template":"page-no-title","meta":{"footnotes":""},"class_list":["post-110","page","type-page","status-publish","hentry"],"yoast_head":"<!-- This site is optimized with the Yoast SEO plugin v23.6 - https:\/\/yoast.com\/wordpress\/plugins\/seo\/ -->\n<title>Antomy basics - Student Hub Germany<\/title>\n<meta name=\"description\" content=\"Lerne die Gliederung des Nervensystems, Skelettsysteme und K\u00f6rperachsen \u2013 essenzielle Grundlagen f\u00fcr den erfolgreichen Einstieg ins Medizinstudium.\" \/>\n<meta name=\"robots\" content=\"index, follow, max-snippet:-1, max-image-preview:large, max-video-preview:-1\" \/>\n<link rel=\"canonical\" href=\"https:\/\/studenthub.elsevier.com\/de\/anatomy-basics-page\/\" \/>\n<meta property=\"og:locale\" content=\"en_US\" \/>\n<meta property=\"og:type\" content=\"article\" \/>\n<meta property=\"og:title\" content=\"Antomy basics - Student Hub Germany\" \/>\n<meta property=\"og:description\" content=\"Lerne die Gliederung des Nervensystems, Skelettsysteme und K\u00f6rperachsen \u2013 essenzielle Grundlagen f\u00fcr den erfolgreichen Einstieg ins Medizinstudium.\" \/>\n<meta property=\"og:url\" content=\"https:\/\/studenthub.elsevier.com\/de\/anatomy-basics-page\/\" \/>\n<meta property=\"og:site_name\" content=\"Student Hub Germany\" \/>\n<meta property=\"article:modified_time\" content=\"2025-07-31T18:56:41+00:00\" \/>\n<meta name=\"twitter:card\" content=\"summary_large_image\" \/>\n<meta name=\"twitter:label1\" content=\"Est. reading time\" \/>\n\t<meta name=\"twitter:data1\" content=\"1 minute\" \/>\n<script type=\"application\/ld+json\" class=\"yoast-schema-graph\">{\"@context\":\"https:\/\/schema.org\",\"@graph\":[{\"@type\":\"WebPage\",\"@id\":\"https:\/\/studenthub.elsevier.com\/de\/anatomy-basics-page\/\",\"url\":\"https:\/\/studenthub.elsevier.com\/de\/anatomy-basics-page\/\",\"name\":\"Antomy basics - Student Hub Germany\",\"isPartOf\":{\"@id\":\"https:\/\/studenthub.elsevier.com\/de\/#website\"},\"datePublished\":\"2025-06-02T12:21:54+00:00\",\"dateModified\":\"2025-07-31T18:56:41+00:00\",\"description\":\"Lerne die Gliederung des Nervensystems, Skelettsysteme und K\u00f6rperachsen \u2013 essenzielle Grundlagen f\u00fcr den erfolgreichen Einstieg ins Medizinstudium.\",\"breadcrumb\":{\"@id\":\"https:\/\/studenthub.elsevier.com\/de\/anatomy-basics-page\/#breadcrumb\"},\"inLanguage\":\"en-US\",\"potentialAction\":[{\"@type\":\"ReadAction\",\"target\":[\"https:\/\/studenthub.elsevier.com\/de\/anatomy-basics-page\/\"]}]},{\"@type\":\"BreadcrumbList\",\"@id\":\"https:\/\/studenthub.elsevier.com\/de\/anatomy-basics-page\/#breadcrumb\",\"itemListElement\":[{\"@type\":\"ListItem\",\"position\":1,\"name\":\"Home\",\"item\":\"https:\/\/studenthub.elsevier.com\/de\/\"},{\"@type\":\"ListItem\",\"position\":2,\"name\":\"Antomy basics\"}]},{\"@type\":\"WebSite\",\"@id\":\"https:\/\/studenthub.elsevier.com\/de\/#website\",\"url\":\"https:\/\/studenthub.elsevier.com\/de\/\",\"name\":\"Student Hub Germany\",\"description\":\"\",\"potentialAction\":[{\"@type\":\"SearchAction\",\"target\":{\"@type\":\"EntryPoint\",\"urlTemplate\":\"https:\/\/studenthub.elsevier.com\/de\/?s={search_term_string}\"},\"query-input\":{\"@type\":\"PropertyValueSpecification\",\"valueRequired\":true,\"valueName\":\"search_term_string\"}}],\"inLanguage\":\"en-US\"}]}<\/script>\n<!-- \/ Yoast SEO plugin. -->","yoast_head_json":{"title":"Antomy basics - Student Hub Germany","description":"Lerne die Gliederung des Nervensystems, Skelettsysteme und K\u00f6rperachsen \u2013 essenzielle Grundlagen f\u00fcr den erfolgreichen Einstieg ins Medizinstudium.","robots":{"index":"index","follow":"follow","max-snippet":"max-snippet:-1","max-image-preview":"max-image-preview:large","max-video-preview":"max-video-preview:-1"},"canonical":"https:\/\/studenthub.elsevier.com\/de\/anatomy-basics-page\/","og_locale":"en_US","og_type":"article","og_title":"Antomy basics - Student Hub Germany","og_description":"Lerne die Gliederung des Nervensystems, Skelettsysteme und K\u00f6rperachsen \u2013 essenzielle Grundlagen f\u00fcr den erfolgreichen Einstieg ins Medizinstudium.","og_url":"https:\/\/studenthub.elsevier.com\/de\/anatomy-basics-page\/","og_site_name":"Student Hub Germany","article_modified_time":"2025-07-31T18:56:41+00:00","twitter_card":"summary_large_image","twitter_misc":{"Est. reading time":"1 minute"},"schema":{"@context":"https:\/\/schema.org","@graph":[{"@type":"WebPage","@id":"https:\/\/studenthub.elsevier.com\/de\/anatomy-basics-page\/","url":"https:\/\/studenthub.elsevier.com\/de\/anatomy-basics-page\/","name":"Antomy basics - Student Hub Germany","isPartOf":{"@id":"https:\/\/studenthub.elsevier.com\/de\/#website"},"datePublished":"2025-06-02T12:21:54+00:00","dateModified":"2025-07-31T18:56:41+00:00","description":"Lerne die Gliederung des Nervensystems, Skelettsysteme und K\u00f6rperachsen \u2013 essenzielle Grundlagen f\u00fcr den erfolgreichen Einstieg ins Medizinstudium.","breadcrumb":{"@id":"https:\/\/studenthub.elsevier.com\/de\/anatomy-basics-page\/#breadcrumb"},"inLanguage":"en-US","potentialAction":[{"@type":"ReadAction","target":["https:\/\/studenthub.elsevier.com\/de\/anatomy-basics-page\/"]}]},{"@type":"BreadcrumbList","@id":"https:\/\/studenthub.elsevier.com\/de\/anatomy-basics-page\/#breadcrumb","itemListElement":[{"@type":"ListItem","position":1,"name":"Home","item":"https:\/\/studenthub.elsevier.com\/de\/"},{"@type":"ListItem","position":2,"name":"Antomy basics"}]},{"@type":"WebSite","@id":"https:\/\/studenthub.elsevier.com\/de\/#website","url":"https:\/\/studenthub.elsevier.com\/de\/","name":"Student Hub Germany","description":"","potentialAction":[{"@type":"SearchAction","target":{"@type":"EntryPoint","urlTemplate":"https:\/\/studenthub.elsevier.com\/de\/?s={search_term_string}"},"query-input":{"@type":"PropertyValueSpecification","valueRequired":true,"valueName":"search_term_string"}}],"inLanguage":"en-US"}]}},"jetpack_sharing_enabled":true,"_links":{"self":[{"href":"https:\/\/studenthub.elsevier.com\/de\/wp-json\/wp\/v2\/pages\/110","targetHints":{"allow":["GET"]}}],"collection":[{"href":"https:\/\/studenthub.elsevier.com\/de\/wp-json\/wp\/v2\/pages"}],"about":[{"href":"https:\/\/studenthub.elsevier.com\/de\/wp-json\/wp\/v2\/types\/page"}],"author":[{"embeddable":true,"href":"https:\/\/studenthub.elsevier.com\/de\/wp-json\/wp\/v2\/users\/4"}],"replies":[{"embeddable":true,"href":"https:\/\/studenthub.elsevier.com\/de\/wp-json\/wp\/v2\/comments?post=110"}],"version-history":[{"count":8,"href":"https:\/\/studenthub.elsevier.com\/de\/wp-json\/wp\/v2\/pages\/110\/revisions"}],"predecessor-version":[{"id":1313,"href":"https:\/\/studenthub.elsevier.com\/de\/wp-json\/wp\/v2\/pages\/110\/revisions\/1313"}],"wp:attachment":[{"href":"https:\/\/studenthub.elsevier.com\/de\/wp-json\/wp\/v2\/media?parent=110"}],"curies":[{"name":"wp","href":"https:\/\/api.w.org\/{rel}","templated":true}]}}