{"id":110,"date":"2025-06-02T12:21:54","date_gmt":"2025-06-02T12:21:54","guid":{"rendered":"https:\/\/admin-wp-hm.elsevier.com\/es\/?page_id=110"},"modified":"2025-07-30T11:16:42","modified_gmt":"2025-07-30T11:16:42","slug":"anatomy-basics-page","status":"publish","type":"page","link":"https:\/\/studenthub.elsevier.com\/es\/anatomy-basics-page\/","title":{"rendered":"Temas b\u00e1sicos de anatom\u00eda"},"content":{"rendered":"\n<div class=\"wp-block-columns is-layout-flex wp-container-core-columns-is-layout-28f84493 wp-block-columns-is-layout-flex\">\n<div class=\"wp-block-column is-layout-flow wp-block-column-is-layout-flow\"><\/div>\n<\/div>\n\n\n\n<div class=\"wp-block-group alignfull has-base-2-background-color has-background has-global-padding is-layout-constrained wp-container-core-group-is-layout-cb151cc7 wp-block-group-is-layout-constrained\" style=\"margin-top:0;margin-bottom:0;padding-top:0;padding-right:var(--wp--preset--spacing--50);padding-bottom:0;padding-left:var(--wp--preset--spacing--50)\">\n<div class=\"wp-block-columns alignwide is-layout-flex wp-container-core-columns-is-layout-4935966c wp-block-columns-is-layout-flex\" style=\"padding-right:0;padding-left:0\">\n<div class=\"wp-block-column is-layout-flow wp-block-column-is-layout-flow\">\n<div style=\"height:25px\" aria-hidden=\"true\" class=\"wp-block-spacer\"><\/div>\n\n\n\n<h1 class=\"wp-block-heading\">B\u00e1sicos de Anatom\u00eda<\/h1>\n\n\n\n<div style=\"height:75px\" aria-hidden=\"true\" class=\"wp-block-spacer\"><\/div>\n<\/div>\n<\/div>\n<\/div>\n\n\n\n<div class=\"wp-block-group alignfull has-base-2-background-color has-background has-global-padding is-layout-constrained wp-container-core-group-is-layout-cb151cc7 wp-block-group-is-layout-constrained\" style=\"margin-top:0;margin-bottom:0;padding-top:0;padding-right:var(--wp--preset--spacing--50);padding-bottom:0;padding-left:var(--wp--preset--spacing--50)\">\n<div class=\"wp-block-columns alignwide is-layout-flex wp-container-core-columns-is-layout-4935966c wp-block-columns-is-layout-flex\" style=\"padding-right:0;padding-left:0\">\n<div class=\"wp-block-column is-layout-flow wp-block-column-is-layout-flow\">\n<div class=\"wp-block-query is-layout-flow wp-block-query-is-layout-flow\"><ul style=\"padding-right:0;padding-left:0;margin-right:0;margin-left:0;\" class=\"columns-3 wp-block-post-template is-layout-grid wp-container-core-post-template-is-layout-aab869af wp-block-post-template-is-layout-grid\"><li class=\"wp-block-post post-125 post type-post status-publish format-standard has-post-thumbnail hentry category-temas-basicos-de-anatomia\">\n\n<div class=\"wp-block-group is-layout-flow wp-block-group-is-layout-flow\" style=\"padding-top:30px;padding-right:0px;padding-bottom:30px;padding-left:0px\"><figure class=\"wp-block-post-featured-image\"><img loading=\"lazy\" decoding=\"async\" width=\"690\" height=\"360\" src=\"https:\/\/studenthub.elsevier.com\/es\/wp-content\/uploads\/sites\/11\/2025\/06\/Header-Basicos-Anatomi\u2560ua-Vasos-Linfaticos-690x360-1.png?w=690\" class=\"attachment-post-thumbnail size-post-thumbnail wp-post-image\" alt=\"\" style=\"border-radius:0px;object-fit:cover;\" srcset=\"https:\/\/studenthub.elsevier.com\/es\/wp-content\/uploads\/sites\/11\/2025\/06\/Header-Basicos-Anatomi\u2560ua-Vasos-Linfaticos-690x360-1.png 690w, https:\/\/studenthub.elsevier.com\/es\/wp-content\/uploads\/sites\/11\/2025\/06\/Header-Basicos-Anatomi\u2560ua-Vasos-Linfaticos-690x360-1.png?resize=300,157 300w\" sizes=\"auto, (max-width: 690px) 100vw, 690px\" \/><\/figure>\n\n<h6 class=\"wp-block-post-title has-medium-font-size\"><a href=\"https:\/\/studenthub.elsevier.com\/es\/temas-basicos-de-anatomia\/vasos-linfaticos\/\" target=\"_self\" >Vasos linf\u00e1ticos<\/a><\/h6><\/div>\n\n<\/li><li class=\"wp-block-post post-106 post type-post status-publish format-standard has-post-thumbnail hentry category-temas-basicos-de-anatomia\">\n\n<div class=\"wp-block-group is-layout-flow wp-block-group-is-layout-flow\" style=\"padding-top:30px;padding-right:0px;padding-bottom:30px;padding-left:0px\"><figure class=\"wp-block-post-featured-image\"><img loading=\"lazy\" decoding=\"async\" width=\"690\" height=\"360\" src=\"https:\/\/studenthub.elsevier.com\/es\/wp-content\/uploads\/sites\/11\/2025\/06\/Header-Basicos-Anatomia-Planos-Anatomicos-690x360-1.png?w=690\" class=\"attachment-post-thumbnail size-post-thumbnail wp-post-image\" alt=\"\" style=\"border-radius:0px;object-fit:cover;\" srcset=\"https:\/\/studenthub.elsevier.com\/es\/wp-content\/uploads\/sites\/11\/2025\/06\/Header-Basicos-Anatomia-Planos-Anatomicos-690x360-1.png 690w, https:\/\/studenthub.elsevier.com\/es\/wp-content\/uploads\/sites\/11\/2025\/06\/Header-Basicos-Anatomia-Planos-Anatomicos-690x360-1.png?resize=300,157 300w\" sizes=\"auto, (max-width: 690px) 100vw, 690px\" \/><\/figure>\n\n<h6 class=\"wp-block-post-title has-medium-font-size\"><a href=\"https:\/\/studenthub.elsevier.com\/es\/temas-basicos-de-anatomia\/posicion-y-planos-anatomicos\/\" target=\"_self\" >Posici\u00f3n y planos anat\u00f3micos<\/a><\/h6><\/div>\n\n<\/li><li class=\"wp-block-post post-119 post type-post status-publish format-standard has-post-thumbnail hentry category-temas-basicos-de-anatomia\">\n\n<div class=\"wp-block-group is-layout-flow wp-block-group-is-layout-flow\" style=\"padding-top:30px;padding-right:0px;padding-bottom:30px;padding-left:0px\"><figure class=\"wp-block-post-featured-image\"><img loading=\"lazy\" decoding=\"async\" width=\"690\" height=\"360\" src=\"https:\/\/studenthub.elsevier.com\/es\/wp-content\/uploads\/sites\/11\/2025\/06\/Header-Basicos-Anatomia-Plexos-Nerviosos-690x360-1.png?w=690\" class=\"attachment-post-thumbnail size-post-thumbnail wp-post-image\" alt=\"Basicos-Anatomia-Plexos-Nerviosos\" style=\"border-radius:0px;object-fit:cover;\" srcset=\"https:\/\/studenthub.elsevier.com\/es\/wp-content\/uploads\/sites\/11\/2025\/06\/Header-Basicos-Anatomia-Plexos-Nerviosos-690x360-1.png 690w, https:\/\/studenthub.elsevier.com\/es\/wp-content\/uploads\/sites\/11\/2025\/06\/Header-Basicos-Anatomia-Plexos-Nerviosos-690x360-1.png?resize=300,157 300w\" sizes=\"auto, (max-width: 690px) 100vw, 690px\" \/><\/figure>\n\n<h6 class=\"wp-block-post-title has-medium-font-size\"><a href=\"https:\/\/studenthub.elsevier.com\/es\/temas-basicos-de-anatomia\/plexos-nerviosos-somaticos-viscerales\/\" target=\"_self\" >Plexos nerviosos, som\u00e1ticos y viscerales<\/a><\/h6><\/div>\n\n<\/li><li class=\"wp-block-post post-123 post type-post status-publish format-standard has-post-thumbnail hentry category-temas-basicos-de-anatomia\">\n\n<div class=\"wp-block-group is-layout-flow wp-block-group-is-layout-flow\" style=\"padding-top:30px;padding-right:0px;padding-bottom:30px;padding-left:0px\"><figure class=\"wp-block-post-featured-image\"><img loading=\"lazy\" decoding=\"async\" width=\"690\" height=\"360\" src=\"https:\/\/studenthub.elsevier.com\/es\/wp-content\/uploads\/sites\/11\/2025\/06\/Header-Basicos-Anatomi\u2560ua-Sistema-Parasimpatico-690x360-1.png?w=690\" class=\"attachment-post-thumbnail size-post-thumbnail wp-post-image\" alt=\"\" style=\"border-radius:0px;object-fit:cover;\" srcset=\"https:\/\/studenthub.elsevier.com\/es\/wp-content\/uploads\/sites\/11\/2025\/06\/Header-Basicos-Anatomi\u2560ua-Sistema-Parasimpatico-690x360-1.png 690w, https:\/\/studenthub.elsevier.com\/es\/wp-content\/uploads\/sites\/11\/2025\/06\/Header-Basicos-Anatomi\u2560ua-Sistema-Parasimpatico-690x360-1.png?resize=300,157 300w\" sizes=\"auto, (max-width: 690px) 100vw, 690px\" \/><\/figure>\n\n<h6 class=\"wp-block-post-title has-medium-font-size\"><a href=\"https:\/\/studenthub.elsevier.com\/es\/temas-basicos-de-anatomia\/sistema-parasimpatico\/\" target=\"_self\" >Sistema parasimp\u00e1tico<\/a><\/h6><\/div>\n\n<\/li><li class=\"wp-block-post post-121 post type-post status-publish format-standard has-post-thumbnail hentry category-temas-basicos-de-anatomia\">\n\n<div class=\"wp-block-group is-layout-flow wp-block-group-is-layout-flow\" style=\"padding-top:30px;padding-right:0px;padding-bottom:30px;padding-left:0px\"><figure class=\"wp-block-post-featured-image\"><img loading=\"lazy\" decoding=\"async\" width=\"690\" height=\"360\" src=\"https:\/\/studenthub.elsevier.com\/es\/wp-content\/uploads\/sites\/11\/2025\/06\/Header-Basicos-Anatomia-Sistema-Simpatico-690x360-1.png?w=690\" class=\"attachment-post-thumbnail size-post-thumbnail wp-post-image\" alt=\"\" style=\"border-radius:0px;object-fit:cover;\" srcset=\"https:\/\/studenthub.elsevier.com\/es\/wp-content\/uploads\/sites\/11\/2025\/06\/Header-Basicos-Anatomia-Sistema-Simpatico-690x360-1.png 690w, https:\/\/studenthub.elsevier.com\/es\/wp-content\/uploads\/sites\/11\/2025\/06\/Header-Basicos-Anatomia-Sistema-Simpatico-690x360-1.png?resize=300,157 300w\" sizes=\"auto, (max-width: 690px) 100vw, 690px\" \/><\/figure>\n\n<h6 class=\"wp-block-post-title has-medium-font-size\"><a href=\"https:\/\/studenthub.elsevier.com\/es\/temas-basicos-de-anatomia\/sistema-simpatico\/\" target=\"_self\" >Sistema simp\u00e1tico<\/a><\/h6><\/div>\n\n<\/li><li class=\"wp-block-post post-117 post type-post status-publish format-standard has-post-thumbnail hentry category-temas-basicos-de-anatomia\">\n\n<div class=\"wp-block-group is-layout-flow wp-block-group-is-layout-flow\" style=\"padding-top:30px;padding-right:0px;padding-bottom:30px;padding-left:0px\"><figure class=\"wp-block-post-featured-image\"><img loading=\"lazy\" decoding=\"async\" width=\"690\" height=\"360\" src=\"https:\/\/studenthub.elsevier.com\/es\/wp-content\/uploads\/sites\/11\/2025\/06\/Header-Basicos-Anatomia-Dermatomas-690x360-1.png?w=690\" class=\"attachment-post-thumbnail size-post-thumbnail wp-post-image\" alt=\"\" style=\"border-radius:0px;object-fit:cover;\" srcset=\"https:\/\/studenthub.elsevier.com\/es\/wp-content\/uploads\/sites\/11\/2025\/06\/Header-Basicos-Anatomia-Dermatomas-690x360-1.png 690w, https:\/\/studenthub.elsevier.com\/es\/wp-content\/uploads\/sites\/11\/2025\/06\/Header-Basicos-Anatomia-Dermatomas-690x360-1.png?resize=300,157 300w\" sizes=\"auto, (max-width: 690px) 100vw, 690px\" \/><\/figure>\n\n<h6 class=\"wp-block-post-title has-medium-font-size\"><a href=\"https:\/\/studenthub.elsevier.com\/es\/temas-basicos-de-anatomia\/dermatomas-y-miotomas\/\" target=\"_self\" >Dermatomas y miotomas<\/a><\/h6><\/div>\n\n<\/li><\/ul><\/div>\n<\/div>\n<\/div>\n\n\n\n<div style=\"height:25px\" aria-hidden=\"true\" class=\"wp-block-spacer\"><\/div>\n<\/div>\n\n\n\n<p><\/p>\n","protected":false},"excerpt":{"rendered":"<p>B\u00e1sicos de Anatom\u00eda<\/p>\n","protected":false},"author":4,"featured_media":0,"parent":0,"menu_order":0,"comment_status":"closed","ping_status":"closed","template":"page-no-title","meta":{"footnotes":""},"class_list":["post-110","page","type-page","status-publish","hentry"],"yoast_head":"<!-- This site is optimized with the Yoast SEO plugin v23.6 - https:\/\/yoast.com\/wordpress\/plugins\/seo\/ -->\n<title>Temas b\u00e1sicos de anatom\u00eda - Student Hub Spain<\/title>\n<meta name=\"robots\" content=\"index, follow, max-snippet:-1, max-image-preview:large, max-video-preview:-1\" \/>\n<link rel=\"canonical\" href=\"https:\/\/studenthub.elsevier.com\/es\/anatomy-basics-page\/\" \/>\n<meta property=\"og:locale\" content=\"es_ES\" \/>\n<meta property=\"og:type\" content=\"article\" \/>\n<meta property=\"og:title\" content=\"Temas b\u00e1sicos de anatom\u00eda - Student Hub Spain\" \/>\n<meta property=\"og:description\" content=\"B\u00e1sicos de Anatom\u00eda\" \/>\n<meta property=\"og:url\" content=\"https:\/\/studenthub.elsevier.com\/es\/anatomy-basics-page\/\" \/>\n<meta property=\"og:site_name\" content=\"Student Hub Spain\" \/>\n<meta property=\"article:modified_time\" content=\"2025-07-30T11:16:42+00:00\" \/>\n<meta name=\"twitter:card\" content=\"summary_large_image\" \/>\n<meta name=\"twitter:label1\" content=\"Est. reading time\" \/>\n\t<meta name=\"twitter:data1\" content=\"1 minuto\" \/>\n<script type=\"application\/ld+json\" class=\"yoast-schema-graph\">{\"@context\":\"https:\/\/schema.org\",\"@graph\":[{\"@type\":\"WebPage\",\"@id\":\"https:\/\/studenthub.elsevier.com\/es\/anatomy-basics-page\/\",\"url\":\"https:\/\/studenthub.elsevier.com\/es\/anatomy-basics-page\/\",\"name\":\"Temas b\u00e1sicos de anatom\u00eda - Student Hub Spain\",\"isPartOf\":{\"@id\":\"https:\/\/studenthub.elsevier.com\/es\/#website\"},\"datePublished\":\"2025-06-02T12:21:54+00:00\",\"dateModified\":\"2025-07-30T11:16:42+00:00\",\"breadcrumb\":{\"@id\":\"https:\/\/studenthub.elsevier.com\/es\/anatomy-basics-page\/#breadcrumb\"},\"inLanguage\":\"es\",\"potentialAction\":[{\"@type\":\"ReadAction\",\"target\":[\"https:\/\/studenthub.elsevier.com\/es\/anatomy-basics-page\/\"]}]},{\"@type\":\"BreadcrumbList\",\"@id\":\"https:\/\/studenthub.elsevier.com\/es\/anatomy-basics-page\/#breadcrumb\",\"itemListElement\":[{\"@type\":\"ListItem\",\"position\":1,\"name\":\"Home\",\"item\":\"https:\/\/studenthub.elsevier.com\/es\/\"},{\"@type\":\"ListItem\",\"position\":2,\"name\":\"Temas b\u00e1sicos de anatom\u00eda\"}]},{\"@type\":\"WebSite\",\"@id\":\"https:\/\/studenthub.elsevier.com\/es\/#website\",\"url\":\"https:\/\/studenthub.elsevier.com\/es\/\",\"name\":\"Student Hub Spain\",\"description\":\"\",\"potentialAction\":[{\"@type\":\"SearchAction\",\"target\":{\"@type\":\"EntryPoint\",\"urlTemplate\":\"https:\/\/studenthub.elsevier.com\/es\/?s={search_term_string}\"},\"query-input\":{\"@type\":\"PropertyValueSpecification\",\"valueRequired\":true,\"valueName\":\"search_term_string\"}}],\"inLanguage\":\"es\"}]}<\/script>\n<!-- \/ Yoast SEO plugin. -->","yoast_head_json":{"title":"Temas b\u00e1sicos de anatom\u00eda - Student Hub Spain","robots":{"index":"index","follow":"follow","max-snippet":"max-snippet:-1","max-image-preview":"max-image-preview:large","max-video-preview":"max-video-preview:-1"},"canonical":"https:\/\/studenthub.elsevier.com\/es\/anatomy-basics-page\/","og_locale":"es_ES","og_type":"article","og_title":"Temas b\u00e1sicos de anatom\u00eda - Student Hub Spain","og_description":"B\u00e1sicos de Anatom\u00eda","og_url":"https:\/\/studenthub.elsevier.com\/es\/anatomy-basics-page\/","og_site_name":"Student Hub Spain","article_modified_time":"2025-07-30T11:16:42+00:00","twitter_card":"summary_large_image","twitter_misc":{"Est. reading time":"1 minuto"},"schema":{"@context":"https:\/\/schema.org","@graph":[{"@type":"WebPage","@id":"https:\/\/studenthub.elsevier.com\/es\/anatomy-basics-page\/","url":"https:\/\/studenthub.elsevier.com\/es\/anatomy-basics-page\/","name":"Temas b\u00e1sicos de anatom\u00eda - Student Hub Spain","isPartOf":{"@id":"https:\/\/studenthub.elsevier.com\/es\/#website"},"datePublished":"2025-06-02T12:21:54+00:00","dateModified":"2025-07-30T11:16:42+00:00","breadcrumb":{"@id":"https:\/\/studenthub.elsevier.com\/es\/anatomy-basics-page\/#breadcrumb"},"inLanguage":"es","potentialAction":[{"@type":"ReadAction","target":["https:\/\/studenthub.elsevier.com\/es\/anatomy-basics-page\/"]}]},{"@type":"BreadcrumbList","@id":"https:\/\/studenthub.elsevier.com\/es\/anatomy-basics-page\/#breadcrumb","itemListElement":[{"@type":"ListItem","position":1,"name":"Home","item":"https:\/\/studenthub.elsevier.com\/es\/"},{"@type":"ListItem","position":2,"name":"Temas b\u00e1sicos de anatom\u00eda"}]},{"@type":"WebSite","@id":"https:\/\/studenthub.elsevier.com\/es\/#website","url":"https:\/\/studenthub.elsevier.com\/es\/","name":"Student Hub Spain","description":"","potentialAction":[{"@type":"SearchAction","target":{"@type":"EntryPoint","urlTemplate":"https:\/\/studenthub.elsevier.com\/es\/?s={search_term_string}"},"query-input":{"@type":"PropertyValueSpecification","valueRequired":true,"valueName":"search_term_string"}}],"inLanguage":"es"}]}},"jetpack_sharing_enabled":true,"_links":{"self":[{"href":"https:\/\/studenthub.elsevier.com\/es\/wp-json\/wp\/v2\/pages\/110","targetHints":{"allow":["GET"]}}],"collection":[{"href":"https:\/\/studenthub.elsevier.com\/es\/wp-json\/wp\/v2\/pages"}],"about":[{"href":"https:\/\/studenthub.elsevier.com\/es\/wp-json\/wp\/v2\/types\/page"}],"author":[{"embeddable":true,"href":"https:\/\/studenthub.elsevier.com\/es\/wp-json\/wp\/v2\/users\/4"}],"replies":[{"embeddable":true,"href":"https:\/\/studenthub.elsevier.com\/es\/wp-json\/wp\/v2\/comments?post=110"}],"version-history":[{"count":7,"href":"https:\/\/studenthub.elsevier.com\/es\/wp-json\/wp\/v2\/pages\/110\/revisions"}],"predecessor-version":[{"id":685,"href":"https:\/\/studenthub.elsevier.com\/es\/wp-json\/wp\/v2\/pages\/110\/revisions\/685"}],"wp:attachment":[{"href":"https:\/\/studenthub.elsevier.com\/es\/wp-json\/wp\/v2\/media?parent=110"}],"curies":[{"name":"wp","href":"https:\/\/api.w.org\/{rel}","templated":true}]}}