{"id":858,"date":"2025-06-23T09:35:52","date_gmt":"2025-06-23T09:35:52","guid":{"rendered":"https:\/\/studenthub.elsevier.com\/es\/?page_id=858"},"modified":"2025-06-26T09:41:13","modified_gmt":"2025-06-26T09:41:13","slug":"calculo-de-dosis","status":"publish","type":"page","link":"https:\/\/studenthub.elsevier.com\/es\/calculo-de-dosis\/","title":{"rendered":"C\u00e1lculo de dosis"},"content":{"rendered":"\n<div class=\"wp-block-group alignfull has-base-2-background-color has-background has-global-padding is-layout-constrained wp-container-core-group-is-layout-cb151cc7 wp-block-group-is-layout-constrained\" style=\"margin-top:0;margin-bottom:0;padding-top:0;padding-right:var(--wp--preset--spacing--50);padding-bottom:0;padding-left:var(--wp--preset--spacing--50)\">\n<div style=\"height:25px\" aria-hidden=\"true\" class=\"wp-block-spacer\"><\/div>\n\n\n\n<div class=\"wp-block-columns alignwide is-layout-flex wp-container-core-columns-is-layout-1da03c2a wp-block-columns-is-layout-flex\">\n<div class=\"wp-block-column is-layout-flow wp-block-column-is-layout-flow\" style=\"flex-basis:144.6%\">\n<h1 class=\"wp-block-heading\">C\u00e1lculo de dosis<\/h1>\n\n\n\n<div style=\"height:75px\" aria-hidden=\"true\" class=\"wp-block-spacer\"><\/div>\n<\/div>\n<\/div>\n<\/div>\n\n\n\n<div class=\"wp-block-group alignfull has-base-2-background-color has-background has-global-padding is-layout-constrained wp-container-core-group-is-layout-cb151cc7 wp-block-group-is-layout-constrained\" style=\"margin-top:0;margin-bottom:0;padding-top:0;padding-right:var(--wp--preset--spacing--50);padding-bottom:0;padding-left:var(--wp--preset--spacing--50)\">\n<div class=\"wp-block-group alignfull has-base-2-background-color has-background has-global-padding is-layout-constrained wp-container-core-group-is-layout-cb151cc7 wp-block-group-is-layout-constrained\" style=\"margin-top:0;margin-bottom:0;padding-top:0;padding-right:var(--wp--preset--spacing--50);padding-bottom:0;padding-left:var(--wp--preset--spacing--50)\">\n<div style=\"height:25px\" aria-hidden=\"true\" class=\"wp-block-spacer\"><\/div>\n\n\n\n<div class=\"wp-block-columns alignwide is-layout-flex wp-container-core-columns-is-layout-1da03c2a wp-block-columns-is-layout-flex\">\n<div class=\"wp-block-column is-layout-flow wp-block-column-is-layout-flow\" style=\"flex-basis:144.6%\">\n<h3 class=\"wp-block-heading has-national-2-font-family\" style=\"font-size:clamp(20px, 1.25rem + ((1vw - 3.2px) * 1.25), 32px);\">Conversiones y M\u00e9todos<\/h3>\n<\/div>\n<\/div>\n<\/div>\n\n\n\n<div class=\"wp-block-columns alignwide is-layout-flex wp-container-core-columns-is-layout-4935966c wp-block-columns-is-layout-flex\" style=\"padding-right:0;padding-left:0\">\n<div class=\"wp-block-column is-layout-flow wp-block-column-is-layout-flow\">\n<div class=\"wp-block-query is-layout-flow wp-block-query-is-layout-flow\"><ul style=\"padding-right:0;padding-left:0;margin-right:0;margin-left:0;\" class=\"columns-3 wp-block-post-template is-layout-grid wp-container-core-post-template-is-layout-aab869af wp-block-post-template-is-layout-grid\"><li class=\"wp-block-post post-868 post type-post status-publish format-standard hentry category-calculo-dosis category-calculo-de-dosis-conversiones-y-metodos\">\n\n<div class=\"wp-block-group is-layout-flow wp-block-group-is-layout-flow\" style=\"padding-top:30px;padding-right:0px;padding-bottom:30px;padding-left:0px\"><h6 class=\"wp-block-post-title has-medium-font-size\"><a href=\"https:\/\/studenthub.elsevier.com\/es\/calculo-dosis\/momento-cefazolina-quirurgica\/\" target=\"_self\" >En una profilaxis quir\u00fargica se prescribe: cefazolina IV, 1g, DU, 30\u00b4antes de IQ. Qu\u00e9 dosis y cu\u00e1ndo debe administrarse?<\/a><\/h6><\/div>\n\n<\/li><li class=\"wp-block-post post-873 post type-post status-publish format-standard hentry category-calculo-dosis category-calculo-de-dosis-conversiones-y-metodos\">\n\n<div class=\"wp-block-group is-layout-flow wp-block-group-is-layout-flow\" style=\"padding-top:30px;padding-right:0px;padding-bottom:30px;padding-left:0px\"><h6 class=\"wp-block-post-title has-medium-font-size\"><a href=\"https:\/\/studenthub.elsevier.com\/es\/calculo-dosis\/administracion-paracetamol-prn\/\" target=\"_self\" >Se prescribe un analg\u00e9sico de la siguiente manera: paracetamol 500 mg (= 1 comp) VO prn (m\u00e1x = 4 g\/d\u00eda). \u00bfDe qu\u00e9 manera debe administrarse?<\/a><\/h6><\/div>\n\n<\/li><li class=\"wp-block-post post-876 post type-post status-publish format-standard hentry category-calculo-dosis category-calculo-de-dosis-conversiones-y-metodos\">\n\n<div class=\"wp-block-group is-layout-flow wp-block-group-is-layout-flow\" style=\"padding-top:30px;padding-right:0px;padding-bottom:30px;padding-left:0px\"><h6 class=\"wp-block-post-title has-medium-font-size\"><a href=\"https:\/\/studenthub.elsevier.com\/es\/calculo-dosis\/cuando-tomar-captopril\/\" target=\"_self\" >Se pauta captopril 25 mg VO si PA &gt; 140\/80. \u00bfCu\u00e1ndo se tomar\u00e1 el f\u00e1rmaco?<\/a><\/h6><\/div>\n\n<\/li><\/ul><\/div>\n<\/div>\n<\/div>\n\n\n\n<div class=\"wp-block-columns alignwide is-layout-flex wp-container-core-columns-is-layout-1da03c2a wp-block-columns-is-layout-flex\">\n<div class=\"wp-block-column is-vertically-aligned-center is-layout-flow wp-block-column-is-layout-flow\" style=\"flex-basis:100%\">\n<p class=\"has-text-align-left has-small-font-size\"><a href=\"https:\/\/studenthub.elsevier.com\/es\/category\/calculo-dosis\/calculo-de-dosis-conversiones-y-metodos\/\">Ver todas las preguntas ><\/a><\/p>\n<\/div>\n<\/div>\n\n\n\n<div style=\"height:75px\" aria-hidden=\"true\" class=\"wp-block-spacer\"><\/div>\n<\/div>\n\n\n\n<div class=\"wp-block-group alignfull has-base-2-background-color has-background has-global-padding is-layout-constrained wp-container-core-group-is-layout-cb151cc7 wp-block-group-is-layout-constrained\" style=\"margin-top:0;margin-bottom:0;padding-top:0;padding-right:var(--wp--preset--spacing--50);padding-bottom:0;padding-left:var(--wp--preset--spacing--50)\">\n<div class=\"wp-block-columns alignwide is-layout-flex wp-container-core-columns-is-layout-1da03c2a wp-block-columns-is-layout-flex\">\n<div class=\"wp-block-column is-layout-flow wp-block-column-is-layout-flow\" style=\"flex-basis:100%\">\n<h3 class=\"wp-block-heading has-national-2-font-family\" style=\"font-size:clamp(20px, 1.25rem + ((1vw - 3.2px) * 1.25), 32px);\">Nutrici\u00f3n Artificial<\/h3>\n<\/div>\n<\/div>\n\n\n\n<div class=\"wp-block-columns alignwide is-layout-flex wp-container-core-columns-is-layout-4935966c wp-block-columns-is-layout-flex\" style=\"padding-right:0;padding-left:0\">\n<div class=\"wp-block-column is-layout-flow wp-block-column-is-layout-flow\">\n<div class=\"wp-block-query is-layout-flow wp-block-query-is-layout-flow\"><ul style=\"padding-right:0;padding-left:0;margin-right:0;margin-left:0;\" class=\"columns-3 wp-block-post-template is-layout-grid wp-container-core-post-template-is-layout-aab869af wp-block-post-template-is-layout-grid\"><li class=\"wp-block-post post-955 post type-post status-publish format-standard hentry category-calculo-dosis category-calculo-de-dosis-nutricion-artificial\">\n\n<div class=\"wp-block-group is-layout-flow wp-block-group-is-layout-flow\" style=\"padding-top:30px;padding-right:0px;padding-bottom:30px;padding-left:0px\"><h6 class=\"wp-block-post-title has-medium-font-size\"><a href=\"https:\/\/studenthub.elsevier.com\/es\/calculo-dosis\/via-administracion-np-periferica\/\" target=\"_self\" >La nutrici\u00f3n parenteral perif\u00e9rica puede administrarse por v\u00eda:<\/a><\/h6><\/div>\n\n<\/li><li class=\"wp-block-post post-958 post type-post status-publish format-standard hentry category-calculo-dosis category-calculo-de-dosis-nutricion-artificial\">\n\n<div class=\"wp-block-group is-layout-flow wp-block-group-is-layout-flow\" style=\"padding-top:30px;padding-right:0px;padding-bottom:30px;padding-left:0px\"><h6 class=\"wp-block-post-title has-medium-font-size\"><a href=\"https:\/\/studenthub.elsevier.com\/es\/calculo-dosis\/porte-energetico-pacientes\/\" target=\"_self\" >La mayor\u00eda de los pacientes requieren un aporte energ\u00e9tico de:<\/a><\/h6><\/div>\n\n<\/li><li class=\"wp-block-post post-961 post type-post status-publish format-standard hentry category-calculo-dosis category-calculo-de-dosis-nutricion-artificial\">\n\n<div class=\"wp-block-group is-layout-flow wp-block-group-is-layout-flow\" style=\"padding-top:30px;padding-right:0px;padding-bottom:30px;padding-left:0px\"><h6 class=\"wp-block-post-title has-medium-font-size\"><a href=\"https:\/\/studenthub.elsevier.com\/es\/calculo-dosis\/importancia-macronutrientes\/\" target=\"_self\" >Respecto a los macronutrientes:<\/a><\/h6><\/div>\n\n<\/li><\/ul><\/div>\n<\/div>\n<\/div>\n\n\n\n<div class=\"wp-block-columns alignwide is-layout-flex wp-container-core-columns-is-layout-1da03c2a wp-block-columns-is-layout-flex\">\n<div class=\"wp-block-column is-vertically-aligned-center is-layout-flow wp-block-column-is-layout-flow\" style=\"flex-basis:100%\">\n<p class=\"has-text-align-left has-small-font-size\"><a href=\"https:\/\/studenthub.elsevier.com\/es\/category\/calculo-dosis\/calculo-de-dosis-nutricion-artificial\/\">Ver todas las preguntas ><\/a><\/p>\n<\/div>\n<\/div>\n\n\n\n<div style=\"height:75px\" aria-hidden=\"true\" class=\"wp-block-spacer\"><\/div>\n<\/div>\n\n\n\n<div class=\"wp-block-group alignfull has-base-2-background-color has-background has-global-padding is-layout-constrained wp-container-core-group-is-layout-cb151cc7 wp-block-group-is-layout-constrained\" style=\"margin-top:0;margin-bottom:0;padding-top:0;padding-right:var(--wp--preset--spacing--50);padding-bottom:0;padding-left:var(--wp--preset--spacing--50)\">\n<div class=\"wp-block-group alignfull has-base-2-background-color has-background has-global-padding is-layout-constrained wp-container-core-group-is-layout-cb151cc7 wp-block-group-is-layout-constrained\" style=\"margin-top:0;margin-bottom:0;padding-top:0;padding-right:var(--wp--preset--spacing--50);padding-bottom:0;padding-left:var(--wp--preset--spacing--50)\">\n<div class=\"wp-block-columns alignwide is-layout-flex wp-container-core-columns-is-layout-1da03c2a wp-block-columns-is-layout-flex\">\n<div class=\"wp-block-column is-layout-flow wp-block-column-is-layout-flow\" style=\"flex-basis:100%\">\n<h3 class=\"wp-block-heading has-national-2-font-family\" style=\"font-size:clamp(20px, 1.25rem + ((1vw - 3.2px) * 1.25), 32px);\">Pediatr\u00eda<\/h3>\n<\/div>\n<\/div>\n<\/div>\n\n\n\n<div class=\"wp-block-columns alignwide is-layout-flex wp-container-core-columns-is-layout-4935966c wp-block-columns-is-layout-flex\" style=\"padding-right:0;padding-left:0\">\n<div class=\"wp-block-column is-layout-flow wp-block-column-is-layout-flow\">\n<div class=\"wp-block-query is-layout-flow wp-block-query-is-layout-flow\"><ul style=\"padding-right:0;padding-left:0;margin-right:0;margin-left:0;\" class=\"columns-3 wp-block-post-template is-layout-grid wp-container-core-post-template-is-layout-aab869af wp-block-post-template-is-layout-grid\"><li class=\"wp-block-post post-993 post type-post status-publish format-standard hentry category-calculo-dosis category-calculo-de-dosis-pediatria\">\n\n<div class=\"wp-block-group is-layout-flow wp-block-group-is-layout-flow\" style=\"padding-top:30px;padding-right:0px;padding-bottom:30px;padding-left:0px\"><h6 class=\"wp-block-post-title has-medium-font-size\"><a href=\"https:\/\/studenthub.elsevier.com\/es\/calculo-dosis\/dosis-ibuprofeno-nino\/\" target=\"_self\" >A un ni\u00f1o de 10 kg se le prescribe ibuprofeno 40 mg\/kg al d\u00eda, repartido en 4 tomas al d\u00eda. Disponemos de una suspensi\u00f3n de 40 mg\/ml. \u00bfCu\u00e1ntos mililitros debemos administrar en cada toma?<\/a><\/h6><\/div>\n\n<\/li><li class=\"wp-block-post post-996 post type-post status-publish format-standard hentry category-calculo-dosis category-calculo-de-dosis-pediatria\">\n\n<div class=\"wp-block-group is-layout-flow wp-block-group-is-layout-flow\" style=\"padding-top:30px;padding-right:0px;padding-bottom:30px;padding-left:0px\"><h6 class=\"wp-block-post-title has-medium-font-size\"><a href=\"https:\/\/studenthub.elsevier.com\/es\/calculo-dosis\/uso-via-oral-pediatria\/\" target=\"_self\" >Respecto al uso de la v\u00eda oral en pediatr\u00eda, se\u00f1ale la respuesta FALSA:<\/a><\/h6><\/div>\n\n<\/li><li class=\"wp-block-post post-999 post type-post status-publish format-standard hentry category-calculo-dosis category-calculo-de-dosis-pediatria\">\n\n<div class=\"wp-block-group is-layout-flow wp-block-group-is-layout-flow\" style=\"padding-top:30px;padding-right:0px;padding-bottom:30px;padding-left:0px\"><h6 class=\"wp-block-post-title has-medium-font-size\"><a href=\"https:\/\/studenthub.elsevier.com\/es\/calculo-dosis\/via-intravenosa-pediatria\/\" target=\"_self\" >Respecto a la v\u00eda intravenosa en pediatr\u00eda, \u00bfqu\u00e9 afirmaci\u00f3n es CIERTA?<\/a><\/h6><\/div>\n\n<\/li><\/ul><\/div>\n<\/div>\n<\/div>\n\n\n\n<div class=\"wp-block-columns alignwide is-layout-flex wp-container-core-columns-is-layout-1da03c2a wp-block-columns-is-layout-flex\">\n<div class=\"wp-block-column is-vertically-aligned-center is-layout-flow wp-block-column-is-layout-flow\" style=\"flex-basis:100%\">\n<p class=\"has-text-align-left has-small-font-size\"><a href=\"https:\/\/studenthub.elsevier.com\/es\/category\/calculo-dosis\/calculo-de-dosis-pediatria\/\">Ver todas las preguntas ><\/a><\/p>\n<\/div>\n<\/div>\n\n\n\n<div style=\"height:75px\" aria-hidden=\"true\" class=\"wp-block-spacer\"><\/div>\n<\/div>\n\n\n\n<div class=\"wp-block-group alignfull has-base-2-background-color has-background has-global-padding is-layout-constrained wp-container-core-group-is-layout-cb151cc7 wp-block-group-is-layout-constrained\" style=\"margin-top:0;margin-bottom:0;padding-top:0;padding-right:var(--wp--preset--spacing--50);padding-bottom:0;padding-left:var(--wp--preset--spacing--50)\">\n<div class=\"wp-block-group alignfull has-base-2-background-color has-background has-global-padding is-layout-constrained wp-container-core-group-is-layout-cb151cc7 wp-block-group-is-layout-constrained\" style=\"margin-top:0;margin-bottom:0;padding-top:0;padding-right:var(--wp--preset--spacing--50);padding-bottom:0;padding-left:var(--wp--preset--spacing--50)\">\n<div class=\"wp-block-columns alignwide is-layout-flex wp-container-core-columns-is-layout-1da03c2a wp-block-columns-is-layout-flex\">\n<div class=\"wp-block-column is-layout-flow wp-block-column-is-layout-flow\" style=\"flex-basis:100%\">\n<h3 class=\"wp-block-heading has-national-2-font-family\" style=\"font-size:clamp(20px, 1.25rem + ((1vw - 3.2px) * 1.25), 32px);\">Paciente Cr\u00edtico<\/h3>\n<\/div>\n<\/div>\n<\/div>\n\n\n\n<div class=\"wp-block-columns alignwide is-layout-flex wp-container-core-columns-is-layout-4935966c wp-block-columns-is-layout-flex\" style=\"padding-right:0;padding-left:0\">\n<div class=\"wp-block-column is-layout-flow wp-block-column-is-layout-flow\">\n<div class=\"wp-block-query is-layout-flow wp-block-query-is-layout-flow\"><ul style=\"padding-right:0;padding-left:0;margin-right:0;margin-left:0;\" class=\"columns-3 wp-block-post-template is-layout-grid wp-container-core-post-template-is-layout-aab869af wp-block-post-template-is-layout-grid\"><li class=\"wp-block-post post-1009 post type-post status-publish format-standard hentry category-calculo-dosis category-calculo-de-dosis-paciente-critico\">\n\n<div class=\"wp-block-group is-layout-flow wp-block-group-is-layout-flow\" style=\"padding-top:30px;padding-right:0px;padding-bottom:30px;padding-left:0px\"><h6 class=\"wp-block-post-title has-medium-font-size\"><a href=\"https:\/\/studenthub.elsevier.com\/es\/calculo-dosis\/no-farmaco-vasoactivo\/\" target=\"_self\" >\u00bfCu\u00e1l de los siguientes no es un f\u00e1rmaco vasoactivo?<\/a><\/h6><\/div>\n\n<\/li><li class=\"wp-block-post post-1012 post type-post status-publish format-standard hentry category-calculo-dosis category-calculo-de-dosis-paciente-critico\">\n\n<div class=\"wp-block-group is-layout-flow wp-block-group-is-layout-flow\" style=\"padding-top:30px;padding-right:0px;padding-bottom:30px;padding-left:0px\"><h6 class=\"wp-block-post-title has-medium-font-size\"><a href=\"https:\/\/studenthub.elsevier.com\/es\/calculo-dosis\/indicaciones-nac\/\" target=\"_self\" >Respecto a la N-acetilciste\u00edna:<\/a><\/h6><\/div>\n\n<\/li><li class=\"wp-block-post post-1015 post type-post status-publish format-standard hentry category-calculo-dosis category-calculo-de-dosis-paciente-critico\">\n\n<div class=\"wp-block-group is-layout-flow wp-block-group-is-layout-flow\" style=\"padding-top:30px;padding-right:0px;padding-bottom:30px;padding-left:0px\"><h6 class=\"wp-block-post-title has-medium-font-size\"><a href=\"https:\/\/studenthub.elsevier.com\/es\/calculo-dosis\/indicaciones-propofol\/\" target=\"_self\" >Entre las indicaciones del propofol se encuentra:<\/a><\/h6><\/div>\n\n<\/li><\/ul><\/div>\n<\/div>\n<\/div>\n\n\n\n<div class=\"wp-block-columns alignwide is-layout-flex wp-container-core-columns-is-layout-1da03c2a wp-block-columns-is-layout-flex\">\n<div class=\"wp-block-column is-vertically-aligned-center is-layout-flow wp-block-column-is-layout-flow\" style=\"flex-basis:100%\">\n<p class=\"has-text-align-left has-small-font-size\"><a href=\"https:\/\/studenthub.elsevier.com\/es\/category\/calculo-dosis\/calculo-de-dosis-paciente-critico\/\">Ver todas las preguntas ><\/a><\/p>\n<\/div>\n<\/div>\n\n\n\n<div style=\"height:75px\" aria-hidden=\"true\" class=\"wp-block-spacer\"><\/div>\n<\/div>\n\n\n\n<p><\/p>\n","protected":false},"excerpt":{"rendered":"<p>C\u00e1lculo de dosis Conversiones y M\u00e9todos Ver todas las preguntas > Nutrici\u00f3n Artificial Ver todas las preguntas > Pediatr\u00eda Ver todas las preguntas > Paciente Cr\u00edtico Ver todas las preguntas ><\/p>\n","protected":false},"author":4,"featured_media":0,"parent":0,"menu_order":0,"comment_status":"closed","ping_status":"closed","template":"page-no-title","meta":{"footnotes":""},"class_list":["post-858","page","type-page","status-publish","hentry"],"yoast_head":"<!-- This site is optimized with the Yoast SEO plugin v23.6 - https:\/\/yoast.com\/wordpress\/plugins\/seo\/ -->\n<title>C\u00e1lculo de dosis - Student Hub Spain<\/title>\n<meta name=\"robots\" content=\"index, follow, max-snippet:-1, max-image-preview:large, max-video-preview:-1\" \/>\n<link rel=\"canonical\" href=\"https:\/\/studenthub.elsevier.com\/es\/calculo-de-dosis\/\" \/>\n<meta property=\"og:locale\" content=\"es_ES\" \/>\n<meta property=\"og:type\" content=\"article\" \/>\n<meta property=\"og:title\" content=\"C\u00e1lculo de dosis - Student Hub Spain\" \/>\n<meta property=\"og:description\" content=\"C\u00e1lculo de dosis Conversiones y M\u00e9todos Ver todas las preguntas &gt; Nutrici\u00f3n Artificial Ver todas las preguntas &gt; Pediatr\u00eda Ver todas las preguntas &gt; Paciente Cr\u00edtico Ver todas las preguntas &gt;\" \/>\n<meta property=\"og:url\" content=\"https:\/\/studenthub.elsevier.com\/es\/calculo-de-dosis\/\" \/>\n<meta property=\"og:site_name\" content=\"Student Hub Spain\" \/>\n<meta property=\"article:modified_time\" content=\"2025-06-26T09:41:13+00:00\" \/>\n<meta name=\"twitter:card\" content=\"summary_large_image\" \/>\n<meta name=\"twitter:label1\" content=\"Est. reading time\" \/>\n\t<meta name=\"twitter:data1\" content=\"1 minuto\" \/>\n<script type=\"application\/ld+json\" class=\"yoast-schema-graph\">{\"@context\":\"https:\/\/schema.org\",\"@graph\":[{\"@type\":\"WebPage\",\"@id\":\"https:\/\/studenthub.elsevier.com\/es\/calculo-de-dosis\/\",\"url\":\"https:\/\/studenthub.elsevier.com\/es\/calculo-de-dosis\/\",\"name\":\"C\u00e1lculo de dosis - Student Hub Spain\",\"isPartOf\":{\"@id\":\"https:\/\/studenthub.elsevier.com\/es\/#website\"},\"datePublished\":\"2025-06-23T09:35:52+00:00\",\"dateModified\":\"2025-06-26T09:41:13+00:00\",\"breadcrumb\":{\"@id\":\"https:\/\/studenthub.elsevier.com\/es\/calculo-de-dosis\/#breadcrumb\"},\"inLanguage\":\"es\",\"potentialAction\":[{\"@type\":\"ReadAction\",\"target\":[\"https:\/\/studenthub.elsevier.com\/es\/calculo-de-dosis\/\"]}]},{\"@type\":\"BreadcrumbList\",\"@id\":\"https:\/\/studenthub.elsevier.com\/es\/calculo-de-dosis\/#breadcrumb\",\"itemListElement\":[{\"@type\":\"ListItem\",\"position\":1,\"name\":\"Home\",\"item\":\"https:\/\/studenthub.elsevier.com\/es\/\"},{\"@type\":\"ListItem\",\"position\":2,\"name\":\"C\u00e1lculo de dosis\"}]},{\"@type\":\"WebSite\",\"@id\":\"https:\/\/studenthub.elsevier.com\/es\/#website\",\"url\":\"https:\/\/studenthub.elsevier.com\/es\/\",\"name\":\"Student Hub Spain\",\"description\":\"\",\"potentialAction\":[{\"@type\":\"SearchAction\",\"target\":{\"@type\":\"EntryPoint\",\"urlTemplate\":\"https:\/\/studenthub.elsevier.com\/es\/?s={search_term_string}\"},\"query-input\":{\"@type\":\"PropertyValueSpecification\",\"valueRequired\":true,\"valueName\":\"search_term_string\"}}],\"inLanguage\":\"es\"}]}<\/script>\n<!-- \/ Yoast SEO plugin. -->","yoast_head_json":{"title":"C\u00e1lculo de dosis - Student Hub Spain","robots":{"index":"index","follow":"follow","max-snippet":"max-snippet:-1","max-image-preview":"max-image-preview:large","max-video-preview":"max-video-preview:-1"},"canonical":"https:\/\/studenthub.elsevier.com\/es\/calculo-de-dosis\/","og_locale":"es_ES","og_type":"article","og_title":"C\u00e1lculo de dosis - Student Hub Spain","og_description":"C\u00e1lculo de dosis Conversiones y M\u00e9todos Ver todas las preguntas > Nutrici\u00f3n Artificial Ver todas las preguntas > Pediatr\u00eda Ver todas las preguntas > Paciente Cr\u00edtico Ver todas las preguntas >","og_url":"https:\/\/studenthub.elsevier.com\/es\/calculo-de-dosis\/","og_site_name":"Student Hub Spain","article_modified_time":"2025-06-26T09:41:13+00:00","twitter_card":"summary_large_image","twitter_misc":{"Est. reading time":"1 minuto"},"schema":{"@context":"https:\/\/schema.org","@graph":[{"@type":"WebPage","@id":"https:\/\/studenthub.elsevier.com\/es\/calculo-de-dosis\/","url":"https:\/\/studenthub.elsevier.com\/es\/calculo-de-dosis\/","name":"C\u00e1lculo de dosis - Student Hub Spain","isPartOf":{"@id":"https:\/\/studenthub.elsevier.com\/es\/#website"},"datePublished":"2025-06-23T09:35:52+00:00","dateModified":"2025-06-26T09:41:13+00:00","breadcrumb":{"@id":"https:\/\/studenthub.elsevier.com\/es\/calculo-de-dosis\/#breadcrumb"},"inLanguage":"es","potentialAction":[{"@type":"ReadAction","target":["https:\/\/studenthub.elsevier.com\/es\/calculo-de-dosis\/"]}]},{"@type":"BreadcrumbList","@id":"https:\/\/studenthub.elsevier.com\/es\/calculo-de-dosis\/#breadcrumb","itemListElement":[{"@type":"ListItem","position":1,"name":"Home","item":"https:\/\/studenthub.elsevier.com\/es\/"},{"@type":"ListItem","position":2,"name":"C\u00e1lculo de dosis"}]},{"@type":"WebSite","@id":"https:\/\/studenthub.elsevier.com\/es\/#website","url":"https:\/\/studenthub.elsevier.com\/es\/","name":"Student Hub Spain","description":"","potentialAction":[{"@type":"SearchAction","target":{"@type":"EntryPoint","urlTemplate":"https:\/\/studenthub.elsevier.com\/es\/?s={search_term_string}"},"query-input":{"@type":"PropertyValueSpecification","valueRequired":true,"valueName":"search_term_string"}}],"inLanguage":"es"}]}},"jetpack_sharing_enabled":true,"_links":{"self":[{"href":"https:\/\/studenthub.elsevier.com\/es\/wp-json\/wp\/v2\/pages\/858","targetHints":{"allow":["GET"]}}],"collection":[{"href":"https:\/\/studenthub.elsevier.com\/es\/wp-json\/wp\/v2\/pages"}],"about":[{"href":"https:\/\/studenthub.elsevier.com\/es\/wp-json\/wp\/v2\/types\/page"}],"author":[{"embeddable":true,"href":"https:\/\/studenthub.elsevier.com\/es\/wp-json\/wp\/v2\/users\/4"}],"replies":[{"embeddable":true,"href":"https:\/\/studenthub.elsevier.com\/es\/wp-json\/wp\/v2\/comments?post=858"}],"version-history":[{"count":3,"href":"https:\/\/studenthub.elsevier.com\/es\/wp-json\/wp\/v2\/pages\/858\/revisions"}],"predecessor-version":[{"id":864,"href":"https:\/\/studenthub.elsevier.com\/es\/wp-json\/wp\/v2\/pages\/858\/revisions\/864"}],"wp:attachment":[{"href":"https:\/\/studenthub.elsevier.com\/es\/wp-json\/wp\/v2\/media?parent=858"}],"curies":[{"name":"wp","href":"https:\/\/api.w.org\/{rel}","templated":true}]}}