{"id":670,"date":"2025-06-17T10:49:19","date_gmt":"2025-06-17T10:49:19","guid":{"rendered":"https:\/\/admin-wp-hm.elsevier.com\/studenthub\/?page_id=670"},"modified":"2025-07-25T14:11:11","modified_gmt":"2025-07-25T14:11:11","slug":"free-guides","status":"publish","type":"page","link":"https:\/\/studenthub.elsevier.com\/fr\/free-guides\/","title":{"rendered":"Guides"},"content":{"rendered":"\n<div class=\"wp-block-group alignfull has-base-2-background-color has-background has-global-padding is-layout-constrained wp-container-core-group-is-layout-cb151cc7 wp-block-group-is-layout-constrained\" style=\"margin-top:0;margin-bottom:0;padding-top:0;padding-right:var(--wp--preset--spacing--50);padding-bottom:0;padding-left:var(--wp--preset--spacing--50)\">\n<div style=\"height:25px\" aria-hidden=\"true\" class=\"wp-block-spacer\"><\/div>\n\n\n\n<div class=\"wp-block-columns alignwide is-layout-flex wp-container-core-columns-is-layout-4935966c wp-block-columns-is-layout-flex\" style=\"padding-right:0;padding-left:0\">\n<div class=\"wp-block-column is-layout-flow wp-block-column-is-layout-flow\">\n<h1 class=\"wp-block-heading\">Guides gratuits<\/h1>\n\n\n\n<div style=\"height:75px\" aria-hidden=\"true\" class=\"wp-block-spacer\"><\/div>\n<\/div>\n<\/div>\n<\/div>\n\n\n\n<div class=\"wp-block-group alignfull has-base-2-background-color has-background has-global-padding is-layout-constrained wp-container-core-group-is-layout-cb151cc7 wp-block-group-is-layout-constrained\" style=\"margin-top:0;margin-bottom:0;padding-top:0;padding-right:var(--wp--preset--spacing--50);padding-bottom:0;padding-left:var(--wp--preset--spacing--50)\">\n<div class=\"wp-block-columns alignwide is-layout-flex wp-container-core-columns-is-layout-4935966c wp-block-columns-is-layout-flex\" style=\"padding-right:0;padding-left:0\">\n<div class=\"wp-block-column is-layout-flow wp-block-column-is-layout-flow\">\n<figure class=\"wp-block-image size-large\"><img loading=\"lazy\" decoding=\"async\" height=\"576\" width=\"1024\" src=\"https:\/\/studenthub.elsevier.com\/fr\/wp-content\/uploads\/sites\/13\/2025\/07\/Student-hub-Guides.jpg?w=1024\" alt=\"\" class=\"wp-image-1518\" srcset=\"https:\/\/studenthub.elsevier.com\/fr\/wp-content\/uploads\/sites\/13\/2025\/07\/Student-hub-Guides.jpg 1920w, https:\/\/studenthub.elsevier.com\/fr\/wp-content\/uploads\/sites\/13\/2025\/07\/Student-hub-Guides.jpg?resize=300,169 300w, https:\/\/studenthub.elsevier.com\/fr\/wp-content\/uploads\/sites\/13\/2025\/07\/Student-hub-Guides.jpg?resize=768,432 768w, https:\/\/studenthub.elsevier.com\/fr\/wp-content\/uploads\/sites\/13\/2025\/07\/Student-hub-Guides.jpg?resize=1024,576 1024w, https:\/\/studenthub.elsevier.com\/fr\/wp-content\/uploads\/sites\/13\/2025\/07\/Student-hub-Guides.jpg?resize=1536,864 1536w\" sizes=\"auto, (max-width: 1024px) 100vw, 1024px\" \/><\/figure>\n\n\n\n<p><strong>Anatomie \u00e0 colorier Netter<\/strong><\/p>\n\n\n\n<p>Le guide avec des planches d&#8217;anatomie \u00e0 colorier pour pr\u00e9parer ses \u00e9tudes.<\/p>\n\n\n\n<div class=\"wp-block-buttons is-layout-flex wp-block-buttons-is-layout-flex\">\n<div class=\"wp-block-button is-style-outline is-style-outline--1\"><a class=\"wp-block-button__link has-contrast-color has-base-2-background-color has-text-color has-background has-link-color wp-element-button\" href=\"https:\/\/studenthub.elsevier.com\/fr\/wp-content\/uploads\/sites\/13\/2025\/07\/Guide-Anatomie-colorier-Netter.pdf\" style=\"border-radius:50px\" target=\"_blank\" rel=\"noreferrer noopener\">T\u00e9l\u00e9charger &gt;<\/a><\/div>\n<\/div>\n<\/div>\n\n\n\n<div class=\"wp-block-column is-layout-flow wp-block-column-is-layout-flow\">\n<figure class=\"wp-block-image size-large\"><img loading=\"lazy\" decoding=\"async\" height=\"576\" width=\"1024\" src=\"https:\/\/studenthub.elsevier.com\/fr\/wp-content\/uploads\/sites\/13\/2025\/07\/Student-hub-Guides.png?w=1024\" alt=\"\" class=\"wp-image-1520\" srcset=\"https:\/\/studenthub.elsevier.com\/fr\/wp-content\/uploads\/sites\/13\/2025\/07\/Student-hub-Guides.png 1920w, https:\/\/studenthub.elsevier.com\/fr\/wp-content\/uploads\/sites\/13\/2025\/07\/Student-hub-Guides.png?resize=300,169 300w, https:\/\/studenthub.elsevier.com\/fr\/wp-content\/uploads\/sites\/13\/2025\/07\/Student-hub-Guides.png?resize=768,432 768w, https:\/\/studenthub.elsevier.com\/fr\/wp-content\/uploads\/sites\/13\/2025\/07\/Student-hub-Guides.png?resize=1024,576 1024w, https:\/\/studenthub.elsevier.com\/fr\/wp-content\/uploads\/sites\/13\/2025\/07\/Student-hub-Guides.png?resize=1536,864 1536w\" sizes=\"auto, (max-width: 1024px) 100vw, 1024px\" \/><\/figure>\n\n\n\n<p><strong>Physiologie \u00e0 colorier Netter<\/strong><\/p>\n\n\n\n<p>Le guide avec des planches de physiologie \u00e0 colorier pour pr\u00e9parer ses \u00e9tudes.<\/p>\n\n\n\n<div class=\"wp-block-buttons is-layout-flex wp-block-buttons-is-layout-flex\">\n<div class=\"wp-block-button is-style-outline is-style-outline--2\"><a class=\"wp-block-button__link has-contrast-color has-base-2-background-color has-text-color has-background has-link-color wp-element-button\" href=\"https:\/\/studenthub.elsevier.com\/fr\/wp-content\/uploads\/sites\/13\/2025\/06\/Guide-Physiologie-colorier-Netter.pdf\" style=\"border-radius:50px\" target=\"_blank\" rel=\"noreferrer noopener\">T\u00e9l\u00e9charger &gt;<\/a><\/div>\n<\/div>\n<\/div>\n\n\n\n<div class=\"wp-block-column is-layout-flow wp-block-column-is-layout-flow\">\n<figure class=\"wp-block-image size-large\"><img loading=\"lazy\" decoding=\"async\" height=\"576\" width=\"1024\" src=\"https:\/\/studenthub.elsevier.com\/fr\/wp-content\/uploads\/sites\/13\/2025\/07\/Student-hub-Guides-1.png?w=1024\" alt=\"\" class=\"wp-image-1522\" srcset=\"https:\/\/studenthub.elsevier.com\/fr\/wp-content\/uploads\/sites\/13\/2025\/07\/Student-hub-Guides-1.png 1920w, https:\/\/studenthub.elsevier.com\/fr\/wp-content\/uploads\/sites\/13\/2025\/07\/Student-hub-Guides-1.png?resize=300,169 300w, https:\/\/studenthub.elsevier.com\/fr\/wp-content\/uploads\/sites\/13\/2025\/07\/Student-hub-Guides-1.png?resize=768,432 768w, https:\/\/studenthub.elsevier.com\/fr\/wp-content\/uploads\/sites\/13\/2025\/07\/Student-hub-Guides-1.png?resize=1024,576 1024w, https:\/\/studenthub.elsevier.com\/fr\/wp-content\/uploads\/sites\/13\/2025\/07\/Student-hub-Guides-1.png?resize=1536,864 1536w\" sizes=\"auto, (max-width: 1024px) 100vw, 1024px\" \/><\/figure>\n\n\n\n<p><strong>M\u00e9mofiches Netter<\/strong><\/p>\n\n\n\n<p>Le guide avec des planches d&#8217;anatomie pour pr\u00e9parer ses \u00e9tudes.<\/p>\n\n\n\n<div class=\"wp-block-buttons is-layout-flex wp-block-buttons-is-layout-flex\">\n<div class=\"wp-block-button is-style-outline is-style-outline--3\"><a class=\"wp-block-button__link has-contrast-color has-base-2-background-color has-text-color has-background has-link-color wp-element-button\" href=\"https:\/\/studenthub.elsevier.com\/fr\/wp-content\/uploads\/sites\/13\/2025\/06\/Guide-Memofiches-Netter.pdf\" style=\"border-radius:50px\" target=\"_blank\" rel=\"noreferrer noopener\">T\u00e9l\u00e9charger &gt;<\/a><\/div>\n<\/div>\n<\/div>\n<\/div>\n\n\n\n<div style=\"height:25px\" aria-hidden=\"true\" class=\"wp-block-spacer\"><\/div>\n<\/div>\n\n\n\n<p><\/p>\n","protected":false},"excerpt":{"rendered":"<p>Guides gratuits Anatomie \u00e0 colorier Netter Le guide avec des planches d&#8217;anatomie \u00e0 colorier pour pr\u00e9parer ses \u00e9tudes. Physiologie \u00e0 colorier Netter Le guide avec des planches de physiologie \u00e0 colorier pour pr\u00e9parer ses \u00e9tudes. M\u00e9mofiches Netter Le guide avec des planches d&#8217;anatomie pour pr\u00e9parer ses \u00e9tudes.<\/p>\n","protected":false},"author":4,"featured_media":0,"parent":0,"menu_order":0,"comment_status":"closed","ping_status":"closed","template":"page-no-title","meta":{"footnotes":""},"class_list":["post-670","page","type-page","status-publish","hentry"],"yoast_head":"<!-- This site is optimized with the Yoast SEO plugin v23.6 - https:\/\/yoast.com\/wordpress\/plugins\/seo\/ -->\n<title>Guides - Student Hub France<\/title>\n<meta name=\"robots\" content=\"index, follow, max-snippet:-1, max-image-preview:large, max-video-preview:-1\" \/>\n<link rel=\"canonical\" href=\"https:\/\/studenthub.elsevier.com\/fr\/free-guides\/\" \/>\n<meta property=\"og:locale\" content=\"en_US\" \/>\n<meta property=\"og:type\" content=\"article\" \/>\n<meta property=\"og:title\" content=\"Guides - Student Hub France\" \/>\n<meta property=\"og:description\" content=\"Guides gratuits Anatomie \u00e0 colorier Netter Le guide avec des planches d&#8217;anatomie \u00e0 colorier pour pr\u00e9parer ses \u00e9tudes. Physiologie \u00e0 colorier Netter Le guide avec des planches de physiologie \u00e0 colorier pour pr\u00e9parer ses \u00e9tudes. M\u00e9mofiches Netter Le guide avec des planches d&#8217;anatomie pour pr\u00e9parer ses \u00e9tudes.\" \/>\n<meta property=\"og:url\" content=\"https:\/\/studenthub.elsevier.com\/fr\/free-guides\/\" \/>\n<meta property=\"og:site_name\" content=\"Student Hub France\" \/>\n<meta property=\"article:modified_time\" content=\"2025-07-25T14:11:11+00:00\" \/>\n<meta property=\"og:image\" content=\"https:\/\/studenthub.elsevier.com\/fr\/wp-content\/uploads\/sites\/13\/2025\/07\/Student-hub-Guides.jpg\" \/>\n\t<meta property=\"og:image:width\" content=\"1920\" \/>\n\t<meta property=\"og:image:height\" content=\"1080\" \/>\n\t<meta property=\"og:image:type\" content=\"image\/jpeg\" \/>\n<meta name=\"twitter:card\" content=\"summary_large_image\" \/>\n<meta name=\"twitter:label1\" content=\"Est. reading time\" \/>\n\t<meta name=\"twitter:data1\" content=\"1 minute\" \/>\n<script type=\"application\/ld+json\" class=\"yoast-schema-graph\">{\"@context\":\"https:\/\/schema.org\",\"@graph\":[{\"@type\":\"WebPage\",\"@id\":\"https:\/\/studenthub.elsevier.com\/fr\/free-guides\/\",\"url\":\"https:\/\/studenthub.elsevier.com\/fr\/free-guides\/\",\"name\":\"Guides - Student Hub France\",\"isPartOf\":{\"@id\":\"https:\/\/studenthub.elsevier.com\/fr\/#website\"},\"primaryImageOfPage\":{\"@id\":\"https:\/\/studenthub.elsevier.com\/fr\/free-guides\/#primaryimage\"},\"image\":{\"@id\":\"https:\/\/studenthub.elsevier.com\/fr\/free-guides\/#primaryimage\"},\"thumbnailUrl\":\"https:\/\/studenthub.elsevier.com\/fr\/wp-content\/uploads\/sites\/13\/2025\/07\/Student-hub-Guides.jpg?w=1024\",\"datePublished\":\"2025-06-17T10:49:19+00:00\",\"dateModified\":\"2025-07-25T14:11:11+00:00\",\"breadcrumb\":{\"@id\":\"https:\/\/studenthub.elsevier.com\/fr\/free-guides\/#breadcrumb\"},\"inLanguage\":\"en-US\",\"potentialAction\":[{\"@type\":\"ReadAction\",\"target\":[\"https:\/\/studenthub.elsevier.com\/fr\/free-guides\/\"]}]},{\"@type\":\"ImageObject\",\"inLanguage\":\"en-US\",\"@id\":\"https:\/\/studenthub.elsevier.com\/fr\/free-guides\/#primaryimage\",\"url\":\"https:\/\/studenthub.elsevier.com\/fr\/wp-content\/uploads\/sites\/13\/2025\/07\/Student-hub-Guides.jpg\",\"contentUrl\":\"https:\/\/studenthub.elsevier.com\/fr\/wp-content\/uploads\/sites\/13\/2025\/07\/Student-hub-Guides.jpg\",\"width\":1920,\"height\":1080},{\"@type\":\"BreadcrumbList\",\"@id\":\"https:\/\/studenthub.elsevier.com\/fr\/free-guides\/#breadcrumb\",\"itemListElement\":[{\"@type\":\"ListItem\",\"position\":1,\"name\":\"Home\",\"item\":\"https:\/\/studenthub.elsevier.com\/fr\/\"},{\"@type\":\"ListItem\",\"position\":2,\"name\":\"Guides\"}]},{\"@type\":\"WebSite\",\"@id\":\"https:\/\/studenthub.elsevier.com\/fr\/#website\",\"url\":\"https:\/\/studenthub.elsevier.com\/fr\/\",\"name\":\"Student Hub France\",\"description\":\"\",\"potentialAction\":[{\"@type\":\"SearchAction\",\"target\":{\"@type\":\"EntryPoint\",\"urlTemplate\":\"https:\/\/studenthub.elsevier.com\/fr\/?s={search_term_string}\"},\"query-input\":{\"@type\":\"PropertyValueSpecification\",\"valueRequired\":true,\"valueName\":\"search_term_string\"}}],\"inLanguage\":\"en-US\"}]}<\/script>\n<!-- \/ Yoast SEO plugin. -->","yoast_head_json":{"title":"Guides - Student Hub France","robots":{"index":"index","follow":"follow","max-snippet":"max-snippet:-1","max-image-preview":"max-image-preview:large","max-video-preview":"max-video-preview:-1"},"canonical":"https:\/\/studenthub.elsevier.com\/fr\/free-guides\/","og_locale":"en_US","og_type":"article","og_title":"Guides - Student Hub France","og_description":"Guides gratuits Anatomie \u00e0 colorier Netter Le guide avec des planches d&#8217;anatomie \u00e0 colorier pour pr\u00e9parer ses \u00e9tudes. Physiologie \u00e0 colorier Netter Le guide avec des planches de physiologie \u00e0 colorier pour pr\u00e9parer ses \u00e9tudes. M\u00e9mofiches Netter Le guide avec des planches d&#8217;anatomie pour pr\u00e9parer ses \u00e9tudes.","og_url":"https:\/\/studenthub.elsevier.com\/fr\/free-guides\/","og_site_name":"Student Hub France","article_modified_time":"2025-07-25T14:11:11+00:00","og_image":[{"width":1920,"height":1080,"url":"https:\/\/studenthub.elsevier.com\/fr\/wp-content\/uploads\/sites\/13\/2025\/07\/Student-hub-Guides.jpg","type":"image\/jpeg"}],"twitter_card":"summary_large_image","twitter_misc":{"Est. reading time":"1 minute"},"schema":{"@context":"https:\/\/schema.org","@graph":[{"@type":"WebPage","@id":"https:\/\/studenthub.elsevier.com\/fr\/free-guides\/","url":"https:\/\/studenthub.elsevier.com\/fr\/free-guides\/","name":"Guides - Student Hub France","isPartOf":{"@id":"https:\/\/studenthub.elsevier.com\/fr\/#website"},"primaryImageOfPage":{"@id":"https:\/\/studenthub.elsevier.com\/fr\/free-guides\/#primaryimage"},"image":{"@id":"https:\/\/studenthub.elsevier.com\/fr\/free-guides\/#primaryimage"},"thumbnailUrl":"https:\/\/studenthub.elsevier.com\/fr\/wp-content\/uploads\/sites\/13\/2025\/07\/Student-hub-Guides.jpg?w=1024","datePublished":"2025-06-17T10:49:19+00:00","dateModified":"2025-07-25T14:11:11+00:00","breadcrumb":{"@id":"https:\/\/studenthub.elsevier.com\/fr\/free-guides\/#breadcrumb"},"inLanguage":"en-US","potentialAction":[{"@type":"ReadAction","target":["https:\/\/studenthub.elsevier.com\/fr\/free-guides\/"]}]},{"@type":"ImageObject","inLanguage":"en-US","@id":"https:\/\/studenthub.elsevier.com\/fr\/free-guides\/#primaryimage","url":"https:\/\/studenthub.elsevier.com\/fr\/wp-content\/uploads\/sites\/13\/2025\/07\/Student-hub-Guides.jpg","contentUrl":"https:\/\/studenthub.elsevier.com\/fr\/wp-content\/uploads\/sites\/13\/2025\/07\/Student-hub-Guides.jpg","width":1920,"height":1080},{"@type":"BreadcrumbList","@id":"https:\/\/studenthub.elsevier.com\/fr\/free-guides\/#breadcrumb","itemListElement":[{"@type":"ListItem","position":1,"name":"Home","item":"https:\/\/studenthub.elsevier.com\/fr\/"},{"@type":"ListItem","position":2,"name":"Guides"}]},{"@type":"WebSite","@id":"https:\/\/studenthub.elsevier.com\/fr\/#website","url":"https:\/\/studenthub.elsevier.com\/fr\/","name":"Student Hub France","description":"","potentialAction":[{"@type":"SearchAction","target":{"@type":"EntryPoint","urlTemplate":"https:\/\/studenthub.elsevier.com\/fr\/?s={search_term_string}"},"query-input":{"@type":"PropertyValueSpecification","valueRequired":true,"valueName":"search_term_string"}}],"inLanguage":"en-US"}]}},"jetpack_sharing_enabled":true,"jetpack-related-posts":[{"id":10,"url":"https:\/\/studenthub.elsevier.com\/fr\/medical-student\/","url_meta":{"origin":670,"position":0},"title":"\u00c9tudiants en m\u00e9decine","author":"admin","date":"May 30, 2025","format":false,"excerpt":"Bienvenue aux futurs m\u00e9decins Inspirez votre parcours d\u2019apprentissage gr\u00e2ce \u00e0 des ressources fiables, s\u00e9lectionn\u00e9es pour votre r\u00e9ussite. Acc\u00e9dez \u00e0 du contenu gratuit issus de plus de 140 ans d\u2019expertise en \u00e9ducation en sant\u00e9. T\u00e9l\u00e9chargez gratuitement nos guides con\u00e7u pour vous aider \u00e0 \u00e9tudier ! T\u00e9l\u00e9chargez nos guides Explorez l\u2019anatomie sous\u2026","rel":"","context":"Similar post","block_context":{"text":"Similar post","link":""},"img":{"alt_text":"","src":"https:\/\/studenthub.elsevier.com\/fr\/wp-content\/uploads\/sites\/13\/2025\/08\/Nursing-Anatomy-Physiology-2.jpg","width":350,"height":200,"srcset":"https:\/\/studenthub.elsevier.com\/fr\/wp-content\/uploads\/sites\/13\/2025\/08\/Nursing-Anatomy-Physiology-2.jpg 1x, https:\/\/studenthub.elsevier.com\/fr\/wp-content\/uploads\/sites\/13\/2025\/08\/Nursing-Anatomy-Physiology-2.jpg 1.5x, https:\/\/studenthub.elsevier.com\/fr\/wp-content\/uploads\/sites\/13\/2025\/08\/Nursing-Anatomy-Physiology-2.jpg 2x, https:\/\/studenthub.elsevier.com\/fr\/wp-content\/uploads\/sites\/13\/2025\/08\/Nursing-Anatomy-Physiology-2.jpg 3x, https:\/\/studenthub.elsevier.com\/fr\/wp-content\/uploads\/sites\/13\/2025\/08\/Nursing-Anatomy-Physiology-2.jpg 4x"},"classes":[]}],"_links":{"self":[{"href":"https:\/\/studenthub.elsevier.com\/fr\/wp-json\/wp\/v2\/pages\/670","targetHints":{"allow":["GET"]}}],"collection":[{"href":"https:\/\/studenthub.elsevier.com\/fr\/wp-json\/wp\/v2\/pages"}],"about":[{"href":"https:\/\/studenthub.elsevier.com\/fr\/wp-json\/wp\/v2\/types\/page"}],"author":[{"embeddable":true,"href":"https:\/\/studenthub.elsevier.com\/fr\/wp-json\/wp\/v2\/users\/4"}],"replies":[{"embeddable":true,"href":"https:\/\/studenthub.elsevier.com\/fr\/wp-json\/wp\/v2\/comments?post=670"}],"version-history":[{"count":28,"href":"https:\/\/studenthub.elsevier.com\/fr\/wp-json\/wp\/v2\/pages\/670\/revisions"}],"predecessor-version":[{"id":1524,"href":"https:\/\/studenthub.elsevier.com\/fr\/wp-json\/wp\/v2\/pages\/670\/revisions\/1524"}],"wp:attachment":[{"href":"https:\/\/studenthub.elsevier.com\/fr\/wp-json\/wp\/v2\/media?parent=670"}],"curies":[{"name":"wp","href":"https:\/\/api.w.org\/{rel}","templated":true}]}}